{"id":1387,"date":"2026-05-15T17:36:36","date_gmt":"2026-05-15T14:36:36","guid":{"rendered":"https:\/\/www.asenalu.com\/?page_id=1387"},"modified":"2026-05-15T17:37:23","modified_gmt":"2026-05-15T14:37:23","slug":"asen-aluminyum-enerji-politikasi","status":"publish","type":"page","link":"https:\/\/www.asenalu.com\/de\/asen-aluminyum-enerji-politikasi\/","title":{"rendered":"Asen Al\u00fcminyum Enerji Politikas\u0131"},"content":{"rendered":"<div data-elementor-type=\"wp-page\" data-elementor-id=\"1387\" class=\"elementor elementor-1387\">\n\t\t\t\t\t\t<section class=\"elementor-section elementor-top-section elementor-element elementor-element-2c5cbdd elementor-section-boxed elementor-section-height-default elementor-section-height-default\" data-id=\"2c5cbdd\" data-element_type=\"section\" data-e-type=\"section\">\n\t\t\t\t\t\t<div class=\"elementor-container elementor-column-gap-default\">\n\t\t\t\t\t<div class=\"elementor-column elementor-col-100 elementor-top-column elementor-element elementor-element-32c1a63\" data-id=\"32c1a63\" data-element_type=\"column\" data-e-type=\"column\">\n\t\t\t<div class=\"elementor-widget-wrap elementor-element-populated\">\n\t\t\t\t\t\t<div class=\"elementor-element elementor-element-d4fdc59  ui-split-animate ui-splitby-chars elementor-widget elementor-widget-heading\" data-id=\"d4fdc59\" data-element_type=\"widget\" data-e-type=\"widget\" data-settings=\"{&quot;ui_animate_split&quot;:&quot;ui-split-animate&quot;,&quot;ui_animate_split_by&quot;:&quot;chars&quot;,&quot;ui_animate_split_style&quot;:&quot;fadeInUp&quot;}\" data-widget_type=\"heading.default\">\n\t\t\t\t<div class=\"elementor-widget-container\">\n\t\t\t\t\t<h2 class=\"elementor-heading-title elementor-size-default\">Asen Al\u00fcminyum Enerji Politikas\u0131<\/h2>\t\t\t\t<\/div>\n\t\t\t\t<\/div>\n\t\t\t\t<div class=\"elementor-element elementor-element-7d34cd3 elementor-widget-tablet__width-inherit elementor-widget-mobile__width-inherit elementor-widget__width-initial elementor-invisible elementor-widget elementor-widget-text-editor\" data-id=\"7d34cd3\" data-element_type=\"widget\" data-e-type=\"widget\" data-settings=\"{&quot;_animation&quot;:&quot;fadeInUp&quot;}\" data-widget_type=\"text-editor.default\">\n\t\t\t\t<div class=\"elementor-widget-container\">\n\t\t\t\t\t\t\t\t\t<div class=\"enerji-politikasi\">\n\n  <p>\n    ASEN AL\u00dcM\u0130NYUM olarak; enerji verimlili\u011fini art\u0131rmak, enerji performans\u0131m\u0131z\u0131 s\u00fcrekli iyile\u015ftirmek, sera gaz\u0131\n    emisyonlar\u0131m\u0131z\u0131 azaltmak ve s\u00fcrd\u00fcr\u00fclebilir kalk\u0131nma ilkelerine uygun hareket etmek temel hedefimizdir.\n    Enerji y\u00f6netim sistemimiz, ISO 50001 standard\u0131n\u0131n gereklerine ve ulusal\/uluslararas\u0131 mevzuatlara uygun\n    olarak y\u00fcr\u00fct\u00fclmektedir.\n  <\/p>\n\n  <p>\n    Bu do\u011frultuda, enerji politikam\u0131z:\n  <\/p>\n\n  <ul>\n    <li>\n      Enerji performans\u0131m\u0131z\u0131 s\u00fcrekli iyile\u015ftirmek amac\u0131yla, \u00fcretim proseslerinde ve destekleyici faaliyetlerde\n      enerji verimlili\u011fini art\u0131racak teknolojilerin kullan\u0131m\u0131n\u0131 te\u015fvik ederiz. Enerji hedef ve g\u00f6stergelerimizi\n      d\u00fczenli olarak g\u00f6zden ge\u00e7irir, performans sonu\u00e7lar\u0131n\u0131 y\u00f6netim sistemine entegre ederiz.\n    <\/li>\n\n    <li>\n      Yenilenebilir enerji kaynaklar\u0131n\u0131n s\u00fcrd\u00fcr\u00fclebilir \u015fekilde kullan\u0131m\u0131n\u0131 art\u0131rarak fosil yak\u0131t ba\u011f\u0131ml\u0131l\u0131\u011f\u0131m\u0131z\u0131\n      azaltarak karbon sal\u0131n\u0131mlar\u0131m\u0131z\u0131 minimize etmeyi hedefleriz.\n    <\/li>\n\n    <li>\n      Enerji kullan\u0131m\u0131, t\u00fcketimi, verimlili\u011fi ve sera gaz\u0131 emisyonlar\u0131yla ilgili t\u00fcm ulusal ve uluslararas\u0131 yasal\n      y\u00fck\u00fcml\u00fcl\u00fcklere, ISO 50001 standard\u0131n\u0131n gerekliliklerine ve di\u011fer payda\u015f taahh\u00fctlerimize eksiksiz uyum\n      sa\u011flar\u0131z.\n    <\/li>\n\n    <li>\n      T\u00fcm \u00e7al\u0131\u015fanlar\u0131m\u0131z\u0131n enerji bilincini art\u0131racak e\u011fitimleri d\u00fczenler, enerji verimlili\u011fini kurum\n      k\u00fclt\u00fcr\u00fcm\u00fcz\u00fcn ayr\u0131lmaz bir par\u00e7as\u0131 haline getiririz.\n    <\/li>\n\n    <li>\n      Enerji hedef ve g\u00f6stergelerimizi d\u00fczenli olarak g\u00f6zden ge\u00e7irir, veri odakl\u0131 izleme, \u00f6l\u00e7\u00fcm ve raporlama\n      ile performans\u0131m\u0131z\u0131 izler ve s\u00fcrekli iyile\u015ftirme f\u0131rsatlar\u0131n\u0131 de\u011ferlendiririz.\n    <\/li>\n\n    <li>\n      Enerji verimlili\u011fini tedarik zincirimize entegre eder, enerji verimlili\u011fi y\u00fcksek ekipman, hizmet ve\n      malzeme tedarikini \u00f6nceliklendirir, enerji bilincine sahip i\u015f ortaklar\u0131yla i\u015f birli\u011fi yapar\u0131z.\n    <\/li>\n  <\/ul>\n\n  <p>\n    ASEN AL\u00dcM\u0130NYUM olarak; \u00fcretimden idari s\u00fcre\u00e7lere kadar t\u00fcm faaliyetlerimizde enerji kaynaklar\u0131n\u0131 verimli,\n    \u00e7evreye duyarl\u0131 ve ekonomik bir \u015fekilde kullanmay\u0131, enerji performans\u0131m\u0131z\u0131 s\u00fcrekli iyile\u015ftirmeyi ve enerji\n    y\u00f6netim sistemimizin etkinli\u011fini art\u0131rmay\u0131, enerji verimlili\u011finin kurumsal k\u00fclt\u00fcr\u00fcm\u00fcz\u00fcn ayr\u0131lmaz bir par\u00e7as\u0131\n    haline getirmeyi taahh\u00fct ederiz.\n  <\/p>\n\n  <div class=\"imza\" style=\"margin-top:40px;\">\n    <strong>H. G\u00d6KHAN ASLAN<\/strong><br>\n    Genel M\u00fcd\u00fcr\n  <\/div>\n\n<\/div>\t\t\t\t\t\t\t\t<\/div>\n\t\t\t\t<\/div>\n\t\t\t\t\t<\/div>\n\t\t<\/div>\n\t\t\t\t\t<\/div>\n\t\t<\/section>\n\t\t\t\t<\/div>","protected":false},"excerpt":{"rendered":"<p>Asen Al\u00fcminyum Enerji Politikas\u0131 ASEN AL\u00dcM\u0130NYUM olarak; enerji verimlili\u011fini art\u0131rmak, enerji performans\u0131m\u0131z\u0131 s\u00fcrekli iyile\u015ftirmek, sera gaz\u0131 emisyonlar\u0131m\u0131z\u0131 azaltmak ve s\u00fcrd\u00fcr\u00fclebilir kalk\u0131nma ilkelerine [&hellip;]<\/p>\n","protected":false},"author":2,"featured_media":0,"parent":0,"menu_order":0,"comment_status":"closed","ping_status":"closed","template":"","meta":{"footnotes":""},"class_list":["post-1387","page","type-page","status-publish","hentry"],"_links":{"self":[{"href":"https:\/\/www.asenalu.com\/de\/wp-json\/wp\/v2\/pages\/1387","targetHints":{"allow":["GET"]}}],"collection":[{"href":"https:\/\/www.asenalu.com\/de\/wp-json\/wp\/v2\/pages"}],"about":[{"href":"https:\/\/www.asenalu.com\/de\/wp-json\/wp\/v2\/types\/page"}],"author":[{"embeddable":true,"href":"https:\/\/www.asenalu.com\/de\/wp-json\/wp\/v2\/users\/2"}],"replies":[{"embeddable":true,"href":"https:\/\/www.asenalu.com\/de\/wp-json\/wp\/v2\/comments?post=1387"}],"version-history":[{"count":4,"href":"https:\/\/www.asenalu.com\/de\/wp-json\/wp\/v2\/pages\/1387\/revisions"}],"predecessor-version":[{"id":1391,"href":"https:\/\/www.asenalu.com\/de\/wp-json\/wp\/v2\/pages\/1387\/revisions\/1391"}],"wp:attachment":[{"href":"https:\/\/www.asenalu.com\/de\/wp-json\/wp\/v2\/media?parent=1387"}],"curies":[{"name":"wp","href":"https:\/\/api.w.org\/{rel}","templated":true}]}}