{"id":473,"date":"2023-05-17T05:55:09","date_gmt":"2023-05-17T05:55:09","guid":{"rendered":"https:\/\/www.asenalu.com\/?page_id=473"},"modified":"2023-06-19T09:45:12","modified_gmt":"2023-06-19T06:45:12","slug":"mekanik-islem","status":"publish","type":"page","link":"https:\/\/www.asenalu.com\/de\/teknoloji\/mekanik-islem\/","title":{"rendered":"Bearbeitung"},"content":{"rendered":"<div data-elementor-type=\"wp-page\" data-elementor-id=\"473\" class=\"elementor elementor-473\">\n\t\t\t\t\t\t<section class=\"elementor-section elementor-top-section elementor-element elementor-element-19e43f7 elementor-section-content-middle elementor-section-boxed elementor-section-height-default elementor-section-height-default\" data-id=\"19e43f7\" data-element_type=\"section\" data-e-type=\"section\">\n\t\t\t\t\t\t<div class=\"elementor-container elementor-column-gap-default\">\n\t\t\t\t\t<div class=\"elementor-column elementor-col-50 elementor-top-column elementor-element elementor-element-3be9fe9\" data-id=\"3be9fe9\" data-element_type=\"column\" data-e-type=\"column\">\n\t\t\t<div class=\"elementor-widget-wrap elementor-element-populated\">\n\t\t\t\t\t\t<div class=\"elementor-element elementor-element-e8d2c19  ui-split-animate ui-splitby-chars elementor-widget elementor-widget-heading\" data-id=\"e8d2c19\" data-element_type=\"widget\" data-e-type=\"widget\" data-settings=\"{&quot;ui_animate_split&quot;:&quot;ui-split-animate&quot;,&quot;ui_animate_split_by&quot;:&quot;chars&quot;,&quot;ui_animate_split_style&quot;:&quot;fadeInUp&quot;}\" data-widget_type=\"heading.default\">\n\t\t\t\t<div class=\"elementor-widget-container\">\n\t\t\t\t\t<h2 class=\"elementor-heading-title elementor-size-default\">Mechanischer Prozess Anwendungsdetails<\/h2>\t\t\t\t<\/div>\n\t\t\t\t<\/div>\n\t\t\t\t<div class=\"elementor-element elementor-element-776968e elementor-widget-tablet__width-inherit elementor-widget-mobile__width-inherit elementor-invisible elementor-widget elementor-widget-text-editor\" data-id=\"776968e\" data-element_type=\"widget\" data-e-type=\"widget\" data-settings=\"{&quot;_animation&quot;:&quot;fadeInUp&quot;}\" data-widget_type=\"text-editor.default\">\n\t\t\t\t<div class=\"elementor-widget-container\">\n\t\t\t\t\t\t\t\t\t<p>In unserem Haus werden die Prozesse Schneiden, Bohren, Drehen, CNC-Bearbeitung, Biegen, Pressbohren, Schwei\u00dfen, Entgraten und Montage entsprechend den Bed\u00fcrfnissen unserer Kunden durchgef\u00fchrt.<\/p>\n<p><span style=\"font-size: 17.6px;\">Bei der CNC-Bearbeitung werden f\u00fcr Aluminium geeignete Maschinen eingesetzt und \u00fcbersch\u00fcssiges Material durch Schneiden und Schleifen entfernt, um die endg\u00fcltige und gew\u00fcnschte Form zu erhalten.&nbsp;<\/span><\/p>\n<p><span style=\"font-size: 17.6px;\">Asen Al\u00fcminyum verf\u00fcgt \u00fcber 7 mehrachsige mechanische 3D-Bearbeitungsstationen, die eine Bearbeitung mit einer Genauigkeit von \u00b10,05 mm und einer maximalen Profill\u00e4nge von bis zu 7,7 Metern erm\u00f6glichen.&nbsp;<\/span><\/p>\n<p><span style=\"font-size: 17.6px;\">Diese Stationen bieten verschiedene Arten der Bearbeitung: Bohren, Fr\u00e4sen, Entgraten, Pr\u00e4zisionsschneiden, Bohren, Gewindeschneiden usw. Diese Bearbeitungen erm\u00f6glichen uns eine hohe Flexibilit\u00e4t bei der mechanischen Bearbeitung aller Arten von Profilen und garantieren gleichzeitig eine maximale Produktionspr\u00e4zision.<\/span><\/p>\n<p><span style=\"font-size: 17.6px;\">Wir verf\u00fcgen auch \u00fcber eine Reihe von Pr\u00e4zisionss\u00e4gen mit einer Schnitttoleranz von \u00b10,5 mm und einer Neigungstoleranz von 1\u00ba.<\/span><\/p>\t\t\t\t\t\t\t\t<\/div>\n\t\t\t\t<\/div>\n\t\t\t\t\t<\/div>\n\t\t<\/div>\n\t\t\t\t<div class=\"elementor-column elementor-col-50 elementor-top-column elementor-element elementor-element-d5b60fb\" data-id=\"d5b60fb\" data-element_type=\"column\" data-e-type=\"column\">\n\t\t\t<div class=\"elementor-widget-wrap elementor-element-populated\">\n\t\t\t\t\t\t<div class=\"elementor-element elementor-element-f88dc4e elementor-widget elementor-widget-image\" data-id=\"f88dc4e\" data-element_type=\"widget\" data-e-type=\"widget\" data-widget_type=\"image.default\">\n\t\t\t\t<div class=\"elementor-widget-container\">\n\t\t\t\t\t\t\t\t\t\t\t\t\t\t\t<img fetchpriority=\"high\" decoding=\"async\" width=\"800\" height=\"963\" src=\"https:\/\/www.asenalu.com\/wp-content\/uploads\/2023\/06\/asen-mekanik-islem-ornekleri-1.png\" class=\"attachment-large size-large wp-image-678\" alt=\"\" srcset=\"https:\/\/www.asenalu.com\/wp-content\/uploads\/2023\/06\/asen-mekanik-islem-ornekleri-1.png 800w, https:\/\/www.asenalu.com\/wp-content\/uploads\/2023\/06\/asen-mekanik-islem-ornekleri-1-249x300.png 249w, https:\/\/www.asenalu.com\/wp-content\/uploads\/2023\/06\/asen-mekanik-islem-ornekleri-1-768x924.png 768w, https:\/\/www.asenalu.com\/wp-content\/uploads\/2023\/06\/asen-mekanik-islem-ornekleri-1-540x650.png 540w\" sizes=\"(max-width: 800px) 100vw, 800px\" title=\"\">\t\t\t\t\t\t\t\t\t\t\t\t\t\t\t<\/div>\n\t\t\t\t<\/div>\n\t\t\t\t\t<\/div>\n\t\t<\/div>\n\t\t\t\t\t<\/div>\n\t\t<\/section>\n\t\t\t\t<section class=\"elementor-section elementor-top-section elementor-element elementor-element-dd2d59e elementor-section-boxed elementor-section-height-default elementor-section-height-default\" data-id=\"dd2d59e\" data-element_type=\"section\" data-e-type=\"section\" data-settings=\"{&quot;background_background&quot;:&quot;classic&quot;}\">\n\t\t\t\t\t\t<div class=\"elementor-container elementor-column-gap-wider\">\n\t\t\t\t\t<div class=\"elementor-column elementor-col-50 elementor-top-column elementor-element elementor-element-39e749b\" data-id=\"39e749b\" data-element_type=\"column\" data-e-type=\"column\">\n\t\t\t<div class=\"elementor-widget-wrap elementor-element-populated\">\n\t\t\t\t\t\t<div class=\"elementor-element elementor-element-de44027  ui-split-animate ui-splitby-chars elementor-widget elementor-widget-heading\" data-id=\"de44027\" data-element_type=\"widget\" data-e-type=\"widget\" data-settings=\"{&quot;ui_animate_split&quot;:&quot;ui-split-animate&quot;,&quot;ui_animate_split_by&quot;:&quot;chars&quot;,&quot;ui_animate_split_style&quot;:&quot;fadeInUp&quot;}\" data-widget_type=\"heading.default\">\n\t\t\t\t<div class=\"elementor-widget-container\">\n\t\t\t\t\t<h3 class=\"elementor-heading-title elementor-size-default\">CNC-Maschinenpark<\/h3>\t\t\t\t<\/div>\n\t\t\t\t<\/div>\n\t\t\t\t\t<\/div>\n\t\t<\/div>\n\t\t\t\t<div class=\"elementor-column elementor-col-50 elementor-top-column elementor-element elementor-element-9a99811\" data-id=\"9a99811\" data-element_type=\"column\" data-e-type=\"column\">\n\t\t\t<div class=\"elementor-widget-wrap elementor-element-populated\">\n\t\t\t\t\t\t<div class=\"elementor-element elementor-element-ac138e5  ui-split-animate ui-splitby-chars elementor-widget elementor-widget-heading\" data-id=\"ac138e5\" data-element_type=\"widget\" data-e-type=\"widget\" data-settings=\"{&quot;ui_animate_split&quot;:&quot;ui-split-animate&quot;,&quot;ui_animate_split_by&quot;:&quot;chars&quot;,&quot;ui_animate_split_style&quot;:&quot;fadeInUp&quot;}\" data-widget_type=\"heading.default\">\n\t\t\t\t<div class=\"elementor-widget-container\">\n\t\t\t\t\t<h3 class=\"elementor-heading-title elementor-size-default\">Andere Maschinen<\/h3>\t\t\t\t<\/div>\n\t\t\t\t<\/div>\n\t\t\t\t\t<\/div>\n\t\t<\/div>\n\t\t\t\t\t<\/div>\n\t\t<\/section>\n\t\t\t\t<section class=\"elementor-section elementor-top-section elementor-element elementor-element-896f27b elementor-section-content-middle elementor-section-full_width elementor-section-height-default elementor-section-height-default\" data-id=\"896f27b\" data-element_type=\"section\" data-e-type=\"section\" data-settings=\"{&quot;background_background&quot;:&quot;classic&quot;}\">\n\t\t\t\t\t\t<div class=\"elementor-container elementor-column-gap-wide\">\n\t\t\t\t\t<div class=\"elementor-column elementor-col-100 elementor-top-column elementor-element elementor-element-5bae869\" data-id=\"5bae869\" data-element_type=\"column\" data-e-type=\"column\">\n\t\t\t<div class=\"elementor-widget-wrap\">\n\t\t\t\t\t\t\t<\/div>\n\t\t<\/div>\n\t\t\t\t\t<\/div>\n\t\t<\/section>\n\t\t\t\t<\/div>","protected":false},"excerpt":{"rendered":"<p>Mekanik \u0130\u015flem Uygulama Detaylar\u0131 Tesisimizde, m\u00fc\u015fterilerimizin ihtiya\u00e7lar\u0131na uygun olarak Kesme, Delme, Tornalama, CNC i\u015fleme, B\u00fck\u00fcm, Presle delme, Kaynak, \u00c7apak Alma, Montaj i\u015flemleri [&hellip;]<\/p>\n","protected":false},"author":2,"featured_media":147,"parent":62,"menu_order":-3,"comment_status":"closed","ping_status":"closed","template":"","meta":{"footnotes":""},"class_list":["post-473","page","type-page","status-publish","has-post-thumbnail","hentry"],"_links":{"self":[{"href":"https:\/\/www.asenalu.com\/de\/wp-json\/wp\/v2\/pages\/473","targetHints":{"allow":["GET"]}}],"collection":[{"href":"https:\/\/www.asenalu.com\/de\/wp-json\/wp\/v2\/pages"}],"about":[{"href":"https:\/\/www.asenalu.com\/de\/wp-json\/wp\/v2\/types\/page"}],"author":[{"embeddable":true,"href":"https:\/\/www.asenalu.com\/de\/wp-json\/wp\/v2\/users\/2"}],"replies":[{"embeddable":true,"href":"https:\/\/www.asenalu.com\/de\/wp-json\/wp\/v2\/comments?post=473"}],"version-history":[{"count":0,"href":"https:\/\/www.asenalu.com\/de\/wp-json\/wp\/v2\/pages\/473\/revisions"}],"up":[{"embeddable":true,"href":"https:\/\/www.asenalu.com\/de\/wp-json\/wp\/v2\/pages\/62"}],"wp:featuredmedia":[{"embeddable":true,"href":"https:\/\/www.asenalu.com\/de\/wp-json\/wp\/v2\/media\/147"}],"wp:attachment":[{"href":"https:\/\/www.asenalu.com\/de\/wp-json\/wp\/v2\/media?parent=473"}],"curies":[{"name":"wp","href":"https:\/\/api.w.org\/{rel}","templated":true}]}}