{"id":694,"date":"2023-06-19T09:49:45","date_gmt":"2023-06-19T06:49:45","guid":{"rendered":"https:\/\/www.asenalu.com\/?page_id=694"},"modified":"2023-06-19T10:02:27","modified_gmt":"2023-06-19T07:02:27","slug":"sevkiyat","status":"publish","type":"page","link":"https:\/\/www.asenalu.com\/de\/teknoloji\/sevkiyat\/","title":{"rendered":"Verpackung und Versand"},"content":{"rendered":"<div data-elementor-type=\"wp-page\" data-elementor-id=\"694\" class=\"elementor elementor-694\">\n\t\t\t\t\t\t<section class=\"elementor-section elementor-top-section elementor-element elementor-element-c88db8c elementor-section-boxed elementor-section-height-default elementor-section-height-default\" data-id=\"c88db8c\" data-element_type=\"section\" data-e-type=\"section\">\n\t\t\t\t\t\t<div class=\"elementor-container elementor-column-gap-default\">\n\t\t\t\t\t<div class=\"elementor-column elementor-col-100 elementor-top-column elementor-element elementor-element-2b9375c\" data-id=\"2b9375c\" data-element_type=\"column\" data-e-type=\"column\">\n\t\t\t<div class=\"elementor-widget-wrap elementor-element-populated\">\n\t\t\t\t\t\t<div class=\"elementor-element elementor-element-8a322cf elementor-widget__width-initial elementor-widget-tablet__width-inherit elementor-widget-mobile__width-inherit elementor-invisible elementor-widget elementor-widget-text-editor\" data-id=\"8a322cf\" data-element_type=\"widget\" data-e-type=\"widget\" data-settings=\"{&quot;_animation&quot;:&quot;fadeInUp&quot;}\" data-widget_type=\"text-editor.default\">\n\t\t\t\t<div class=\"elementor-widget-container\">\n\t\t\t\t\t\t\t\t\t<p>Asen Aluminum bietet ma\u00dfgeschneiderte Verpackungs- und Versanddienstleistungen an, um seinen Kunden einen umfassenden Service zu bieten.<\/p>\t\t\t\t\t\t\t\t<\/div>\n\t\t\t\t<\/div>\n\t\t\t\t<section class=\"elementor-section elementor-inner-section elementor-element elementor-element-286d50f elementor-section-boxed elementor-section-height-default elementor-section-height-default\" data-id=\"286d50f\" data-element_type=\"section\" data-e-type=\"section\">\n\t\t\t\t\t\t<div class=\"elementor-container elementor-column-gap-wider\">\n\t\t\t\t\t<div class=\"elementor-column elementor-col-50 elementor-inner-column elementor-element elementor-element-e2cc656\" data-id=\"e2cc656\" data-element_type=\"column\" data-e-type=\"column\">\n\t\t\t<div class=\"elementor-widget-wrap elementor-element-populated\">\n\t\t\t\t\t\t<div class=\"elementor-element elementor-element-4a5b51a elementor-widget elementor-widget-heading\" data-id=\"4a5b51a\" data-element_type=\"widget\" data-e-type=\"widget\" data-widget_type=\"heading.default\">\n\t\t\t\t<div class=\"elementor-widget-container\">\n\t\t\t\t\t<h2 class=\"elementor-heading-title elementor-size-default\">Verpackungs-Service<\/h2>\t\t\t\t<\/div>\n\t\t\t\t<\/div>\n\t\t\t\t<div class=\"elementor-element elementor-element-9a92107 elementor-widget__width-initial elementor-widget-tablet__width-inherit elementor-widget-mobile__width-inherit elementor-invisible elementor-widget elementor-widget-text-editor\" data-id=\"9a92107\" data-element_type=\"widget\" data-e-type=\"widget\" data-settings=\"{&quot;_animation&quot;:&quot;fadeInUp&quot;}\" data-widget_type=\"text-editor.default\">\n\t\t\t\t<div class=\"elementor-widget-container\">\n\t\t\t\t\t\t\t\t\t<p>Um die Qualit\u00e4t der Produkte zu sch\u00fctzen und sicherzustellen, dass sie w\u00e4hrend des Transports nicht besch\u00e4digt werden, bietet Asen Aluminium einen auf die spezifischen Bed\u00fcrfnisse des Kunden zugeschnittenen Verpackungsservice an. Jedes Produkt wird so verpackt, dass ein optimaler Schutz gew\u00e4hrleistet ist. Die verwendeten Verpackungsmaterialien werden entsprechend den Eigenschaften des jeweiligen Produkts und den Anforderungen des Kunden ausgew\u00e4hlt. Dadurch wird sichergestellt, dass die Produkte den Kunden in bestm\u00f6glichem Zustand erreichen.<\/p>\t\t\t\t\t\t\t\t<\/div>\n\t\t\t\t<\/div>\n\t\t\t\t\t<\/div>\n\t\t<\/div>\n\t\t\t\t<div class=\"elementor-column elementor-col-50 elementor-inner-column elementor-element elementor-element-aa403c6\" data-id=\"aa403c6\" data-element_type=\"column\" data-e-type=\"column\">\n\t\t\t<div class=\"elementor-widget-wrap elementor-element-populated\">\n\t\t\t\t\t\t<div class=\"elementor-element elementor-element-1d097b1 elementor-widget elementor-widget-heading\" data-id=\"1d097b1\" data-element_type=\"widget\" data-e-type=\"widget\" data-widget_type=\"heading.default\">\n\t\t\t\t<div class=\"elementor-widget-container\">\n\t\t\t\t\t<h2 class=\"elementor-heading-title elementor-size-default\">Versandservice<\/h2>\t\t\t\t<\/div>\n\t\t\t\t<\/div>\n\t\t\t\t<div class=\"elementor-element elementor-element-c744af5 elementor-widget__width-initial elementor-widget-tablet__width-inherit elementor-widget-mobile__width-inherit elementor-invisible elementor-widget elementor-widget-text-editor\" data-id=\"c744af5\" data-element_type=\"widget\" data-e-type=\"widget\" data-settings=\"{&quot;_animation&quot;:&quot;fadeInUp&quot;}\" data-widget_type=\"text-editor.default\">\n\t\t\t\t<div class=\"elementor-widget-container\">\n\t\t\t\t\t\t\t\t\tAsen Al\u00fcminyum bietet einen schnellen und effizienten Versandservice, um eine p\u00fcnktliche Lieferung zu gew\u00e4hrleisten. Dieser wird entsprechend dem vom Kunden festgelegten Termin geplant und durchgef\u00fchrt. Da Asen Al\u00fcminyum \u00fcber umfangreiche Erfahrungen im nationalen und internationalen Versand verf\u00fcgt, kann das Unternehmen auf alle logistischen Anforderungen reagieren. W\u00e4hrend des gesamten Versandvorgangs wird ein Tracking-System eingesetzt, um den Status und den Standort der Produkte zu verfolgen. So kann der Kunde in jeder Phase des Transports informiert werden.\t\t\t\t\t\t\t\t<\/div>\n\t\t\t\t<\/div>\n\t\t\t\t\t<\/div>\n\t\t<\/div>\n\t\t\t\t\t<\/div>\n\t\t<\/section>\n\t\t\t\t\t<\/div>\n\t\t<\/div>\n\t\t\t\t\t<\/div>\n\t\t<\/section>\n\t\t\t\t<section class=\"elementor-section elementor-top-section elementor-element elementor-element-896f27b elementor-section-content-middle elementor-section-full_width elementor-section-height-default elementor-section-height-default\" data-id=\"896f27b\" data-element_type=\"section\" data-e-type=\"section\" data-settings=\"{&quot;background_background&quot;:&quot;classic&quot;}\">\n\t\t\t\t\t\t<div class=\"elementor-container elementor-column-gap-wide\">\n\t\t\t\t\t<div class=\"elementor-column elementor-col-100 elementor-top-column elementor-element elementor-element-5bae869\" data-id=\"5bae869\" data-element_type=\"column\" data-e-type=\"column\">\n\t\t\t<div class=\"elementor-widget-wrap\">\n\t\t\t\t\t\t\t<\/div>\n\t\t<\/div>\n\t\t\t\t\t<\/div>\n\t\t<\/section>\n\t\t\t\t<\/div>","protected":false},"excerpt":{"rendered":"<p>Asen Al\u00fcminyum, m\u00fc\u015fterilerine tam bir hizmet deneyimi sa\u011flamak i\u00e7in \u00f6zelle\u015ftirilmi\u015f paketleme ve sevkiyat hizmetleri sunmaktad\u0131r. Paketleme Hizmeti Asen Al\u00fcminyum, \u00fcr\u00fcnlerin kalitesini korumak [&hellip;]<\/p>\n","protected":false},"author":2,"featured_media":147,"parent":62,"menu_order":-3,"comment_status":"closed","ping_status":"closed","template":"","meta":{"footnotes":""},"class_list":["post-694","page","type-page","status-publish","has-post-thumbnail","hentry"],"_links":{"self":[{"href":"https:\/\/www.asenalu.com\/de\/wp-json\/wp\/v2\/pages\/694","targetHints":{"allow":["GET"]}}],"collection":[{"href":"https:\/\/www.asenalu.com\/de\/wp-json\/wp\/v2\/pages"}],"about":[{"href":"https:\/\/www.asenalu.com\/de\/wp-json\/wp\/v2\/types\/page"}],"author":[{"embeddable":true,"href":"https:\/\/www.asenalu.com\/de\/wp-json\/wp\/v2\/users\/2"}],"replies":[{"embeddable":true,"href":"https:\/\/www.asenalu.com\/de\/wp-json\/wp\/v2\/comments?post=694"}],"version-history":[{"count":0,"href":"https:\/\/www.asenalu.com\/de\/wp-json\/wp\/v2\/pages\/694\/revisions"}],"up":[{"embeddable":true,"href":"https:\/\/www.asenalu.com\/de\/wp-json\/wp\/v2\/pages\/62"}],"wp:featuredmedia":[{"embeddable":true,"href":"https:\/\/www.asenalu.com\/de\/wp-json\/wp\/v2\/media\/147"}],"wp:attachment":[{"href":"https:\/\/www.asenalu.com\/de\/wp-json\/wp\/v2\/media?parent=694"}],"curies":[{"name":"wp","href":"https:\/\/api.w.org\/{rel}","templated":true}]}}