{"id":1377,"date":"2026-05-15T17:29:30","date_gmt":"2026-05-15T14:29:30","guid":{"rendered":"https:\/\/www.asenalu.com\/?page_id=1377"},"modified":"2026-05-15T17:30:55","modified_gmt":"2026-05-15T14:30:55","slug":"cevre-politikasi","status":"publish","type":"page","link":"https:\/\/www.asenalu.com\/en\/cevre-politikasi\/","title":{"rendered":"\u00c7evre Politikas\u0131"},"content":{"rendered":"<div data-elementor-type=\"wp-page\" data-elementor-id=\"1377\" class=\"elementor elementor-1377\">\n\t\t\t\t\t\t<section class=\"elementor-section elementor-top-section elementor-element elementor-element-6dbda1b elementor-section-boxed elementor-section-height-default elementor-section-height-default\" data-id=\"6dbda1b\" data-element_type=\"section\" data-e-type=\"section\">\n\t\t\t\t\t\t<div class=\"elementor-container elementor-column-gap-default\">\n\t\t\t\t\t<div class=\"elementor-column elementor-col-100 elementor-top-column elementor-element elementor-element-d2c9172\" data-id=\"d2c9172\" data-element_type=\"column\" data-e-type=\"column\">\n\t\t\t<div class=\"elementor-widget-wrap elementor-element-populated\">\n\t\t\t\t\t\t<div class=\"elementor-element elementor-element-1f83c54  ui-split-animate ui-splitby-chars elementor-widget elementor-widget-heading\" data-id=\"1f83c54\" data-element_type=\"widget\" data-e-type=\"widget\" data-settings=\"{&quot;ui_animate_split&quot;:&quot;ui-split-animate&quot;,&quot;ui_animate_split_by&quot;:&quot;chars&quot;,&quot;ui_animate_split_style&quot;:&quot;fadeInUp&quot;}\" data-widget_type=\"heading.default\">\n\t\t\t\t<div class=\"elementor-widget-container\">\n\t\t\t\t\t<h2 class=\"elementor-heading-title elementor-size-default\">\u00c7evre Politikas\u0131<\/h2>\t\t\t\t<\/div>\n\t\t\t\t<\/div>\n\t\t\t\t<div class=\"elementor-element elementor-element-1fc2eda elementor-widget-tablet__width-inherit elementor-widget-mobile__width-inherit elementor-widget__width-initial elementor-invisible elementor-widget elementor-widget-text-editor\" data-id=\"1fc2eda\" data-element_type=\"widget\" data-e-type=\"widget\" data-settings=\"{&quot;_animation&quot;:&quot;fadeInUp&quot;}\" data-widget_type=\"text-editor.default\">\n\t\t\t\t<div class=\"elementor-widget-container\">\n\t\t\t\t\t\t\t\t\t<div class=\"cevre-politikasi\">\n\n  <p>\n    ASEN AL\u00dcM\u0130NYUM olarak, t\u00fcm faaliyetlerimizde \u00e7evreyi korumay\u0131, do\u011fal kaynaklar\u0131n s\u00fcrd\u00fcr\u00fclebilir\n    kullan\u0131m\u0131n\u0131 sa\u011flamay\u0131 ve iklim de\u011fi\u015fikli\u011fiyle m\u00fccadeleyi kurumsal sorumlulu\u011fumuzun bir par\u00e7as\u0131 olarak\n    g\u00f6rmekteyiz.\n  <\/p>\n\n  <p>\n    Bu do\u011frultuda, ISO 14001 \u00c7evre Y\u00f6netim Sistemi Standard\u0131 gereklerine ve Birle\u015fmi\u015f Milletler\n    S\u00fcrd\u00fcr\u00fclebilir Kalk\u0131nma Ama\u00e7lar\u0131 (SKA) ilkelerine uygun olarak \u00e7evre politikam\u0131z:\n  <\/p>\n\n  <ul>\n    <li>\n      Faaliyetlerimizden kaynaklanabilecek hava, su ve toprak kirlili\u011fini \u00f6nlemek, at\u0131k olu\u015fumunu\n      kayna\u011f\u0131nda azaltmak, geri kazan\u0131m ve geri d\u00f6n\u00fc\u015f\u00fcm uygulamalar\u0131n\u0131 yayg\u0131nla\u015ft\u0131rmak,\n    <\/li>\n\n    <li>\n      \u00c7evre Y\u00f6netim Sistemleri i\u00e7in belirlenen hedeflere ula\u015fmak i\u00e7in \u00e7evre dostu teknolojilere ve\n      yenilenebilir enerji kaynaklar\u0131n\u0131n kullan\u0131m\u0131n\u0131 te\u015fvik ederek enerji verimlili\u011fini artt\u0131rmak ve karbon n\u00f6tr\n      bir \u00fcretim yakla\u015f\u0131m\u0131n\u0131 benimsemek,\n    <\/li>\n\n    <li>\n      Hammadde ve yard\u0131mc\u0131 maddelerin \u00e7evresel etkilerini g\u00f6z \u00f6n\u00fcnde tutarak, azaltmak i\u00e7in gerekli\n      tedbirleri alarak, performans\u0131m\u0131z\u0131 \u00f6l\u00e7\u00fclebilir hedeflerle takip etmeyi ve s\u00fcrekli iyile\u015ftirmeyi sa\u011flamak,\n    <\/li>\n\n    <li>\n      Kaynaklar\u0131n verimli ve sorumlu kullan\u0131m\u0131n\u0131 sa\u011flayarak \u00e7evresel performans\u0131m\u0131z\u0131 s\u00fcrekli iyile\u015ftirmek,\n      \u00e7evreye duyarl\u0131 \u00fcretim k\u00fclt\u00fcr\u00fcn\u00fc kurum genelinde yayg\u0131nla\u015ft\u0131rmak,\n    <\/li>\n\n    <li>\n      Temiz \u00fcretim teknikleri kullanarak enerji, su, hammadde ve kimyasal madde t\u00fcketimini azaltmak;\n      do\u011fal kaynaklar\u0131n korunmas\u0131na \u00f6ncelik vermek,\n    <\/li>\n\n    <li>\n      \u00c7al\u0131\u015fanlar\u0131m\u0131z\u0131n \u00e7evre bilincini geli\u015ftirmek, kat\u0131l\u0131mc\u0131 ve s\u00fcrd\u00fcr\u00fclebilir bir \u00e7evre y\u00f6netim k\u00fclt\u00fcr\u00fc\n      olu\u015fturmak ve \u00e7evre performans\u0131na katk\u0131 sa\u011flayacak giri\u015fimleri te\u015fvik etmek,\n    <\/li>\n\n    <li>\n      Tedarik zincirimizdeki i\u015f ortaklar\u0131m\u0131z\u0131 \u00e7evresel sorumluluk ilkeleri do\u011frultusunda y\u00f6nlendirerek,\n      s\u00fcrd\u00fcr\u00fclebilir de\u011fer zinciri y\u00f6netimini desteklemek,\n    <\/li>\n\n    <li>\n      Ekosistemlerin korunmas\u0131, biyolojik \u00e7e\u015fitlili\u011fin s\u00fcrd\u00fcr\u00fclmesi ve arazi bozulmas\u0131n\u0131n \u00f6nlenmesi i\u00e7in\n      \u00f6nleyici yakla\u015f\u0131mlar benimsemek, do\u011fal ya\u015fam alanlar\u0131n\u0131 korumaya y\u00f6nelik uygulamalar\u0131 geli\u015ftirmek,\n    <\/li>\n\n    <li>\n      T\u00fcm \u00e7evre mevzuat\u0131na, ulusal ve uluslararas\u0131 yasal d\u00fczenlemelere, di\u011fer y\u00fck\u00fcml\u00fcl\u00fcklere ve \u00e7evre\n      y\u00f6netim sistemi gerekliliklerine tam uyumu sa\u011flamak, sistemin etkinli\u011fini s\u00fcrekli olarak g\u00f6zden\n      ge\u00e7irmek ve geli\u015ftirmek.\n    <\/li>\n\n    <li>\n      \u00dcr\u00fcnlerimizin ya\u015fam d\u00f6ng\u00fcs\u00fc boyunca \u00e7evresel etkilerini minimize etmeyi, d\u00f6ng\u00fcsel ekonomi ilkelerini\n      uygulamay\u0131 taahh\u00fct ediyoruz.\n    <\/li>\n  <\/ul>\n\n  <p>\n    ASEN AL\u00dcM\u0130NYUM olarak, \u00e7evre performans\u0131m\u0131z\u0131 izlemeye, \u00f6l\u00e7meye ve s\u00fcrekli iyile\u015ftirmeye y\u00f6nelik t\u00fcm\n    s\u00fcre\u00e7lerimizi s\u00fcrd\u00fcr\u00fclebilirlik ilkeleri do\u011frultusunda y\u00fcr\u00fctmeyi taahh\u00fct ederiz.\n  <\/p>\n\n  <p>\n    Amac\u0131m\u0131z; hem bug\u00fcn\u00fcn hem de gelece\u011fin ku\u015faklar\u0131na ya\u015fanabilir bir \u00e7evre b\u0131rakmak, d\u00fc\u015f\u00fck karbonlu,\n    d\u00f6ng\u00fcsel ve diren\u00e7li bir \u00fcretim anlay\u0131\u015f\u0131n\u0131 s\u00fcrd\u00fcr\u00fclebilir \u015fekilde hayata ge\u00e7irmektir.\n  <\/p>\n\n  <div class=\"imza\" style=\"margin-top:40px;\">\n    <strong>H. G\u00d6KHAN ASLAN<\/strong><br>\n    Genel M\u00fcd\u00fcr\n  <\/div>\n\n<\/div>\t\t\t\t\t\t\t\t<\/div>\n\t\t\t\t<\/div>\n\t\t\t\t\t<\/div>\n\t\t<\/div>\n\t\t\t\t\t<\/div>\n\t\t<\/section>\n\t\t\t\t<\/div>","protected":false},"excerpt":{"rendered":"<p>\u00c7evre Politikas\u0131 ASEN AL\u00dcM\u0130NYUM olarak, t\u00fcm faaliyetlerimizde \u00e7evreyi korumay\u0131, do\u011fal kaynaklar\u0131n s\u00fcrd\u00fcr\u00fclebilir kullan\u0131m\u0131n\u0131 sa\u011flamay\u0131 ve iklim de\u011fi\u015fikli\u011fiyle m\u00fccadeleyi kurumsal sorumlulu\u011fumuzun bir par\u00e7as\u0131 [&hellip;]<\/p>\n","protected":false},"author":2,"featured_media":0,"parent":0,"menu_order":0,"comment_status":"closed","ping_status":"closed","template":"","meta":{"footnotes":""},"class_list":["post-1377","page","type-page","status-publish","hentry"],"_links":{"self":[{"href":"https:\/\/www.asenalu.com\/en\/wp-json\/wp\/v2\/pages\/1377","targetHints":{"allow":["GET"]}}],"collection":[{"href":"https:\/\/www.asenalu.com\/en\/wp-json\/wp\/v2\/pages"}],"about":[{"href":"https:\/\/www.asenalu.com\/en\/wp-json\/wp\/v2\/types\/page"}],"author":[{"embeddable":true,"href":"https:\/\/www.asenalu.com\/en\/wp-json\/wp\/v2\/users\/2"}],"replies":[{"embeddable":true,"href":"https:\/\/www.asenalu.com\/en\/wp-json\/wp\/v2\/comments?post=1377"}],"version-history":[{"count":4,"href":"https:\/\/www.asenalu.com\/en\/wp-json\/wp\/v2\/pages\/1377\/revisions"}],"predecessor-version":[{"id":1381,"href":"https:\/\/www.asenalu.com\/en\/wp-json\/wp\/v2\/pages\/1377\/revisions\/1381"}],"wp:attachment":[{"href":"https:\/\/www.asenalu.com\/en\/wp-json\/wp\/v2\/media?parent=1377"}],"curies":[{"name":"wp","href":"https:\/\/api.w.org\/{rel}","templated":true}]}}