{"id":1383,"date":"2026-05-15T17:32:41","date_gmt":"2026-05-15T14:32:41","guid":{"rendered":"https:\/\/www.asenalu.com\/?page_id=1383"},"modified":"2026-05-15T17:36:06","modified_gmt":"2026-05-15T14:36:06","slug":"is-sagligi-ve-guvenligi-politikasi","status":"publish","type":"page","link":"https:\/\/www.asenalu.com\/en\/is-sagligi-ve-guvenligi-politikasi\/","title":{"rendered":"\u0130\u015f Sa\u011fl\u0131\u011f\u0131 ve G\u00fcvenli\u011fi Politikas\u0131"},"content":{"rendered":"<div data-elementor-type=\"wp-page\" data-elementor-id=\"1383\" class=\"elementor elementor-1383\">\n\t\t\t\t\t\t<section class=\"elementor-section elementor-top-section elementor-element elementor-element-e7ea82e elementor-section-boxed elementor-section-height-default elementor-section-height-default\" data-id=\"e7ea82e\" data-element_type=\"section\" data-e-type=\"section\">\n\t\t\t\t\t\t<div class=\"elementor-container elementor-column-gap-default\">\n\t\t\t\t\t<div class=\"elementor-column elementor-col-100 elementor-top-column elementor-element elementor-element-32ec2d9\" data-id=\"32ec2d9\" data-element_type=\"column\" data-e-type=\"column\">\n\t\t\t<div class=\"elementor-widget-wrap elementor-element-populated\">\n\t\t\t\t\t\t<div class=\"elementor-element elementor-element-3d0043d  ui-split-animate ui-splitby-chars elementor-widget elementor-widget-heading\" data-id=\"3d0043d\" data-element_type=\"widget\" data-e-type=\"widget\" data-settings=\"{&quot;ui_animate_split&quot;:&quot;ui-split-animate&quot;,&quot;ui_animate_split_by&quot;:&quot;chars&quot;,&quot;ui_animate_split_style&quot;:&quot;fadeInUp&quot;}\" data-widget_type=\"heading.default\">\n\t\t\t\t<div class=\"elementor-widget-container\">\n\t\t\t\t\t<h2 class=\"elementor-heading-title elementor-size-default\">\u0130\u015f Sa\u011fl\u0131\u011f\u0131 ve G\u00fcvenli\u011fi Politikas\u0131<\/h2>\t\t\t\t<\/div>\n\t\t\t\t<\/div>\n\t\t\t\t<div class=\"elementor-element elementor-element-168e783 elementor-widget-tablet__width-inherit elementor-widget-mobile__width-inherit elementor-widget__width-initial elementor-invisible elementor-widget elementor-widget-text-editor\" data-id=\"168e783\" data-element_type=\"widget\" data-e-type=\"widget\" data-settings=\"{&quot;_animation&quot;:&quot;fadeInUp&quot;}\" data-widget_type=\"text-editor.default\">\n\t\t\t\t<div class=\"elementor-widget-container\">\n\t\t\t\t\t\t\t\t\t<div class=\"isg-politikasi\">\n\n  <p>\n    ASEN AL\u00dcM\u0130NYUM olarak, i\u015f sa\u011fl\u0131\u011f\u0131 ve g\u00fcvenli\u011fi, \u00e7al\u0131\u015fan refah\u0131 ve s\u00fcrd\u00fcr\u00fclebilir \u00fcretimi birbirinden ayr\u0131lmaz\n    unsurlar olarak g\u00f6rmekteyiz. T\u00fcm faaliyetlerimizde \u00e7al\u0131\u015fanlar\u0131m\u0131z\u0131n, ta\u015feronlar\u0131m\u0131z\u0131n, ziyaret\u00e7ilerimizin ve\n    ilgili taraflar\u0131n sa\u011fl\u0131k ve g\u00fcvenli\u011fini korumay\u0131, s\u00fcrekli iyile\u015ftirme k\u00fclt\u00fcr\u00fcyle g\u00fcvenli ve sa\u011fl\u0131kl\u0131 bir \u00e7al\u0131\u015fma\n    ortam\u0131 olu\u015fturmay\u0131 temel sorumlulu\u011fumuz olarak kabul ediyoruz.\n  <\/p>\n\n  <p>\n    Bu do\u011frultuda, ISO 45001 \u0130\u015f Sa\u011fl\u0131\u011f\u0131 ve G\u00fcvenli\u011fi Y\u00f6netim Sistemi Standard\u0131 gereklerine ve Birle\u015fmi\u015f\n    Milletler S\u00fcrd\u00fcr\u00fclebilir Kalk\u0131nma Ama\u00e7lar\u0131 (SKA) ilkelerine uygun olarak \u0130SG Politikam\u0131z:\n  <\/p>\n\n  <ul>\n    <li>\n      \u0130\u015f Sa\u011fl\u0131\u011f\u0131 ve G\u00fcvenli\u011fi Y\u00f6netim Sistemi gereklerini yerine getirerek, risk temelli d\u00fc\u015f\u00fcnme yakla\u015f\u0131m\u0131yla\n      t\u00fcm s\u00fcre\u00e7lerimizde tehlikeleri ortadan kald\u0131rmay\u0131 ve \u0130SG risklerini azaltmay\u0131,\n    <\/li>\n\n    <li>\n      Y\u00fcr\u00fcrl\u00fckteki ulusal i\u015f sa\u011fl\u0131\u011f\u0131 ve g\u00fcvenli\u011fi mevzuat\u0131na, ulusal ve uluslararas\u0131 yasal d\u00fczenlemelere, di\u011fer\n      y\u00fck\u00fcml\u00fcl\u00fcklere ve \u0130\u015f Sa\u011fl\u0131\u011f\u0131 ve G\u00fcvenli\u011fi Y\u00f6netim Sistemi gerekliliklerine tam uyum sa\u011flamak, sistemin\n      etkinli\u011fini s\u00fcrekli olarak g\u00f6zden ge\u00e7irmek ve geli\u015ftirmek,\n    <\/li>\n\n    <li>\n      \u00c7al\u0131\u015fanlar\u0131m\u0131z\u0131n kat\u0131l\u0131m\u0131n\u0131 te\u015fvik ederek i\u015f g\u00fcvenli\u011fi bilincini geli\u015ftirip, dan\u0131\u015fma ve kat\u0131l\u0131m\n      mekanizmalar\u0131 ile g\u00fc\u00e7l\u00fc bir \u0130SG k\u00fclt\u00fcr\u00fc olu\u015fturmak,\n    <\/li>\n\n    <li>\n      \u0130\u015f kazalar\u0131 ve meslek hastal\u0131klar\u0131n\u0131 \u00f6nlemek i\u00e7in proaktif yakla\u015f\u0131mlar ve \u00f6nleyici faaliyetlerin\n      uygulanmas\u0131n\u0131 sa\u011flamak,\n    <\/li>\n\n    <li>\n      G\u00fcvenli ekipman, uygun \u00e7al\u0131\u015fma ortam\u0131 ve s\u00fcrekli e\u011fitim ve fark\u0131ndal\u0131k \u00e7al\u0131\u015fmalar\u0131 ile \u00e7al\u0131\u015fanlar\u0131n\n      fark\u0131ndal\u0131k ve yetkinliklerinin art\u0131r\u0131lmas\u0131n\u0131 sa\u011flamak,\n    <\/li>\n\n    <li>\n      Tedarik zincirimizdeki i\u015f ortaklar\u0131m\u0131z ile i\u015f birli\u011fi i\u00e7inde g\u00fcvenli \u00e7al\u0131\u015fma ko\u015fullar\u0131n\u0131n s\u00fcrd\u00fcr\u00fclmesini\n      sa\u011flamak,\n    <\/li>\n\n    <li>\n      S\u00fcrd\u00fcr\u00fclebilir Kalk\u0131nma Ama\u00e7lar\u0131 \u00e7er\u00e7evesinde; \u00e7al\u0131\u015fan sa\u011fl\u0131\u011f\u0131n\u0131 korumak, insana yak\u0131\u015f\u0131r \u00e7al\u0131\u015fma\n      ko\u015fullar\u0131 sa\u011flamak ve sorumlu \u00fcretim anlay\u0131\u015f\u0131n\u0131 t\u00fcm s\u00fcre\u00e7lerimize entegre etmek,\n    <\/li>\n\n    <li>\n      \u00c7al\u0131\u015fanlar\u0131m\u0131z\u0131n fiziksel ve ruhsal g\u00fcvenli\u011fini g\u00f6zeterek davran\u0131\u015f temelli g\u00fcvenlik k\u00fclt\u00fcr\u00fcn\u00fc geli\u015ftirmeyi\n      hedefliyoruz.\n    <\/li>\n  <\/ul>\n\n  <p>\n    ASEN AL\u00dcM\u0130NYUM olarak, \u0130\u015f sa\u011fl\u0131\u011f\u0131 ve g\u00fcvenli\u011fi performans\u0131m\u0131z\u0131 d\u00fczenli olarak izleyip, \u00f6l\u00e7\u00fclebilir\n    hedeflerle s\u00fcrekli iyile\u015ftirmeyi taahh\u00fct ederiz.\n  <\/p>\n\n  <p>\n    Kurumsal hedefimiz, \u201cS\u0131f\u0131r Kaza &#8211; S\u0131f\u0131r Yaralanma &#8211; S\u0131f\u0131r Meslek Hastal\u0131\u011f\u0131\u201d ilkesiyle g\u00fcvenli, sa\u011fl\u0131kl\u0131 ve\n    s\u00fcrd\u00fcr\u00fclebilir bir i\u015f k\u00fclt\u00fcr\u00fcn\u00fc kal\u0131c\u0131 hale getirmektir.\n  <\/p>\n\n  <div class=\"imza\" style=\"margin-top:40px;\">\n    <strong>H. G\u00d6KHAN ASLAN<\/strong><br>\n    Genel M\u00fcd\u00fcr\n  <\/div>\n\n<\/div>\t\t\t\t\t\t\t\t<\/div>\n\t\t\t\t<\/div>\n\t\t\t\t\t<\/div>\n\t\t<\/div>\n\t\t\t\t\t<\/div>\n\t\t<\/section>\n\t\t\t\t<\/div>","protected":false},"excerpt":{"rendered":"<p>\u0130\u015f Sa\u011fl\u0131\u011f\u0131 ve G\u00fcvenli\u011fi Politikas\u0131 ASEN AL\u00dcM\u0130NYUM olarak, i\u015f sa\u011fl\u0131\u011f\u0131 ve g\u00fcvenli\u011fi, \u00e7al\u0131\u015fan refah\u0131 ve s\u00fcrd\u00fcr\u00fclebilir \u00fcretimi birbirinden ayr\u0131lmaz unsurlar olarak g\u00f6rmekteyiz. [&hellip;]<\/p>\n","protected":false},"author":2,"featured_media":0,"parent":0,"menu_order":0,"comment_status":"closed","ping_status":"closed","template":"","meta":{"footnotes":""},"class_list":["post-1383","page","type-page","status-publish","hentry"],"_links":{"self":[{"href":"https:\/\/www.asenalu.com\/en\/wp-json\/wp\/v2\/pages\/1383","targetHints":{"allow":["GET"]}}],"collection":[{"href":"https:\/\/www.asenalu.com\/en\/wp-json\/wp\/v2\/pages"}],"about":[{"href":"https:\/\/www.asenalu.com\/en\/wp-json\/wp\/v2\/types\/page"}],"author":[{"embeddable":true,"href":"https:\/\/www.asenalu.com\/en\/wp-json\/wp\/v2\/users\/2"}],"replies":[{"embeddable":true,"href":"https:\/\/www.asenalu.com\/en\/wp-json\/wp\/v2\/comments?post=1383"}],"version-history":[{"count":3,"href":"https:\/\/www.asenalu.com\/en\/wp-json\/wp\/v2\/pages\/1383\/revisions"}],"predecessor-version":[{"id":1386,"href":"https:\/\/www.asenalu.com\/en\/wp-json\/wp\/v2\/pages\/1383\/revisions\/1386"}],"wp:attachment":[{"href":"https:\/\/www.asenalu.com\/en\/wp-json\/wp\/v2\/media?parent=1383"}],"curies":[{"name":"wp","href":"https:\/\/api.w.org\/{rel}","templated":true}]}}