{"id":471,"date":"2023-05-17T05:54:53","date_gmt":"2023-05-17T05:54:53","guid":{"rendered":"https:\/\/www.asenalu.com\/?page_id=471"},"modified":"2023-06-19T08:47:24","modified_gmt":"2023-06-19T05:47:24","slug":"eloksal-kaplama","status":"publish","type":"page","link":"https:\/\/www.asenalu.com\/en\/teknoloji\/eloksal-kaplama\/","title":{"rendered":"Anodizing"},"content":{"rendered":"<div data-elementor-type=\"wp-page\" data-elementor-id=\"471\" class=\"elementor elementor-471\">\n\t\t\t\t\t\t<section class=\"elementor-section elementor-top-section elementor-element elementor-element-c88db8c elementor-section-boxed elementor-section-height-default elementor-section-height-default\" data-id=\"c88db8c\" data-element_type=\"section\" data-e-type=\"section\">\n\t\t\t\t\t\t<div class=\"elementor-container elementor-column-gap-default\">\n\t\t\t\t\t<div class=\"elementor-column elementor-col-100 elementor-top-column elementor-element elementor-element-2b9375c\" data-id=\"2b9375c\" data-element_type=\"column\" data-e-type=\"column\">\n\t\t\t<div class=\"elementor-widget-wrap elementor-element-populated\">\n\t\t\t\t\t\t<div class=\"elementor-element elementor-element-799d8b3  ui-split-animate ui-splitby-chars elementor-widget elementor-widget-heading\" data-id=\"799d8b3\" data-element_type=\"widget\" data-e-type=\"widget\" data-settings=\"{&quot;ui_animate_split&quot;:&quot;ui-split-animate&quot;,&quot;ui_animate_split_by&quot;:&quot;chars&quot;,&quot;ui_animate_split_style&quot;:&quot;fadeInUp&quot;}\" data-widget_type=\"heading.default\">\n\t\t\t\t<div class=\"elementor-widget-container\">\n\t\t\t\t\t<h2 class=\"elementor-heading-title elementor-size-default\">Anodizing Application Details<\/h2>\t\t\t\t<\/div>\n\t\t\t\t<\/div>\n\t\t\t\t<section class=\"elementor-section elementor-inner-section elementor-element elementor-element-286d50f elementor-section-boxed elementor-section-height-default elementor-section-height-default\" data-id=\"286d50f\" data-element_type=\"section\" data-e-type=\"section\">\n\t\t\t\t\t\t<div class=\"elementor-container elementor-column-gap-wider\">\n\t\t\t\t\t<div class=\"elementor-column elementor-col-50 elementor-inner-column elementor-element elementor-element-e2cc656\" data-id=\"e2cc656\" data-element_type=\"column\" data-e-type=\"column\">\n\t\t\t<div class=\"elementor-widget-wrap elementor-element-populated\">\n\t\t\t\t\t\t<div class=\"elementor-element elementor-element-8a322cf elementor-widget__width-initial elementor-widget-tablet__width-inherit elementor-widget-mobile__width-inherit elementor-invisible elementor-widget elementor-widget-text-editor\" data-id=\"8a322cf\" data-element_type=\"widget\" data-e-type=\"widget\" data-settings=\"{&quot;_animation&quot;:&quot;fadeInUp&quot;}\" data-widget_type=\"text-editor.default\">\n\t\t\t\t<div class=\"elementor-widget-container\">\n\t\t\t\t\t\t\t\t\t<p>Anodizing: the process of oxidation of aluminium by electrolytic method. The purpose of the coating is to increase the corrosion resistance of aluminium and to add both aesthetic and functional values to it. Paint adhesion and light fastness for anodizing are made according to customer requirements.<\/p><p><span style=\"font-size: 17.6px;\">Anodizing is an electrochemical process in which aluminium is coated with a protective film of aluminium oxide (Al2O3) 5 to 25 microns deep in the case of a protective anodization and up to 100 microns in the case of hard anodization.<\/span><\/p><p><span style=\"font-size: 17.6px;\">The anodized coating provides the profile with excellent protection, especially against moisture and dust. It also increases its durability and resistance to wear, tear and corrosion and provides an aesthetic finish in an unlimited number of colors.<\/span><\/p>\t\t\t\t\t\t\t\t<\/div>\n\t\t\t\t<\/div>\n\t\t\t\t\t<\/div>\n\t\t<\/div>\n\t\t\t\t<div class=\"elementor-column elementor-col-50 elementor-inner-column elementor-element elementor-element-aa403c6\" data-id=\"aa403c6\" data-element_type=\"column\" data-e-type=\"column\">\n\t\t\t<div class=\"elementor-widget-wrap elementor-element-populated\">\n\t\t\t\t\t\t<div class=\"elementor-element elementor-element-5b1f0af elementor-align-start elementor-icon-list--layout-traditional elementor-list-item-link-full_width elementor-widget elementor-widget-icon-list\" data-id=\"5b1f0af\" data-element_type=\"widget\" data-e-type=\"widget\" data-widget_type=\"icon-list.default\">\n\t\t\t\t<div class=\"elementor-widget-container\">\n\t\t\t\t\t\t\t<ul class=\"elementor-icon-list-items\">\n\t\t\t\t\t\t\t<li class=\"elementor-icon-list-item\">\n\t\t\t\t\t\t\t\t\t\t\t<span class=\"elementor-icon-list-icon\">\n\t\t\t\t\t\t\t<i aria-hidden=\"true\" class=\"fas fa-check\"><\/i>\t\t\t\t\t\t<\/span>\n\t\t\t\t\t\t\t\t\t\t<span class=\"elementor-icon-list-text\">Anodized E0, E2, E3, E6 surface treatments are applied in Qualanod standards.<\/span>\n\t\t\t\t\t\t\t\t\t<\/li>\n\t\t\t\t\t\t\t\t<li class=\"elementor-icon-list-item\">\n\t\t\t\t\t\t\t\t\t\t\t<span class=\"elementor-icon-list-icon\">\n\t\t\t\t\t\t\t<i aria-hidden=\"true\" class=\"fas fa-check\"><\/i>\t\t\t\t\t\t<\/span>\n\t\t\t\t\t\t\t\t\t\t<span class=\"elementor-icon-list-text\">Colors; EV1, EV2, EV3, EV4, EV5, EV6 - C0, C31, C32, C33, C34, C35<\/span>\n\t\t\t\t\t\t\t\t\t<\/li>\n\t\t\t\t\t\t\t\t<li class=\"elementor-icon-list-item\">\n\t\t\t\t\t\t\t\t\t\t\t<span class=\"elementor-icon-list-icon\">\n\t\t\t\t\t\t\t<i aria-hidden=\"true\" class=\"fas fa-check\"><\/i>\t\t\t\t\t\t<\/span>\n\t\t\t\t\t\t\t\t\t\t<span class=\"elementor-icon-list-text\">Nickel and Tin coloring is applied.<\/span>\n\t\t\t\t\t\t\t\t\t<\/li>\n\t\t\t\t\t\t\t\t<li class=\"elementor-icon-list-item\">\n\t\t\t\t\t\t\t\t\t\t\t<span class=\"elementor-icon-list-icon\">\n\t\t\t\t\t\t\t<i aria-hidden=\"true\" class=\"fas fa-check\"><\/i>\t\t\t\t\t\t<\/span>\n\t\t\t\t\t\t\t\t\t\t<span class=\"elementor-icon-list-text\">25 micron thick anodized coating up to 8m length<\/span>\n\t\t\t\t\t\t\t\t\t<\/li>\n\t\t\t\t\t\t<\/ul>\n\t\t\t\t\t\t<\/div>\n\t\t\t\t<\/div>\n\t\t\t\t\t<\/div>\n\t\t<\/div>\n\t\t\t\t\t<\/div>\n\t\t<\/section>\n\t\t\t\t\t<\/div>\n\t\t<\/div>\n\t\t\t\t\t<\/div>\n\t\t<\/section>\n\t\t\t\t<section class=\"elementor-section elementor-top-section elementor-element elementor-element-896f27b elementor-section-content-middle elementor-section-full_width elementor-section-height-default elementor-section-height-default\" data-id=\"896f27b\" data-element_type=\"section\" data-e-type=\"section\" data-settings=\"{&quot;background_background&quot;:&quot;classic&quot;}\">\n\t\t\t\t\t\t<div class=\"elementor-container elementor-column-gap-wide\">\n\t\t\t\t\t<div class=\"elementor-column elementor-col-100 elementor-top-column elementor-element elementor-element-5bae869\" data-id=\"5bae869\" data-element_type=\"column\" data-e-type=\"column\">\n\t\t\t<div class=\"elementor-widget-wrap elementor-element-populated\">\n\t\t\t\t\t\t<div class=\"elementor-element elementor-element-f438de1 elementor-widget elementor-widget-bdt-advanced-image-gallery\" data-id=\"f438de1\" data-element_type=\"widget\" data-e-type=\"widget\" data-widget_type=\"bdt-advanced-image-gallery.default\">\n\t\t\t\t<div class=\"elementor-widget-container\">\n\t\t\t\t\t\t\t<div id=\"bdt-avdg-f438de1\" class=\"bdt-ep-advanced-image-gallery bdt-ep-advanced-image-gallery-skin-default jgallery\" data-jgallery-jfheight=\"260\" data-jgallery-itemgap=\"30\" data-bdt-lightbox=\"animation: slide;\" data-settings=\"{&quot;id&quot;:&quot;#bdt-avdg-f438de1&quot;,&quot;tiltShow&quot;:false}\">\n\t\t\t\n\t\t\t\t<div class=\"bdt-ep-advanced-image-gallery-item bdt-transition-toggle\">\n\t\t\t\t\t<div class=\"bdt-ep-advanced-image-gallery-inner bdt-image-mask\">\n\t\t\t\t\t\t<div class=\"bdt-ep-advanced-image-gallery-thumbnail bdt-transition-toggle\"><img fetchpriority=\"high\" decoding=\"async\" width=\"1600\" height=\"900\" src=\"https:\/\/www.asenalu.com\/wp-content\/uploads\/2023\/05\/asen-eloksal-kaplama-galeri-04.jpg\" class=\"jgalleryImage\" alt=\"asen-eloksal-kaplama-galeri-04\" srcset=\"https:\/\/www.asenalu.com\/wp-content\/uploads\/2023\/05\/asen-eloksal-kaplama-galeri-04.jpg 1600w, https:\/\/www.asenalu.com\/wp-content\/uploads\/2023\/05\/asen-eloksal-kaplama-galeri-04-300x169.jpg 300w, https:\/\/www.asenalu.com\/wp-content\/uploads\/2023\/05\/asen-eloksal-kaplama-galeri-04-1024x576.jpg 1024w, https:\/\/www.asenalu.com\/wp-content\/uploads\/2023\/05\/asen-eloksal-kaplama-galeri-04-768x432.jpg 768w, https:\/\/www.asenalu.com\/wp-content\/uploads\/2023\/05\/asen-eloksal-kaplama-galeri-04-1536x864.jpg 1536w, https:\/\/www.asenalu.com\/wp-content\/uploads\/2023\/05\/asen-eloksal-kaplama-galeri-04-650x366.jpg 650w\" sizes=\"(max-width: 1600px) 100vw, 1600px\" title=\"\"><\/div>\t\t<div class=\"bdt-position-cover bdt-overlay bdt-overlay-default bdt-transition-fade\">\n\t\t\t<div class=\"bdt-ep-advanced-image-gallery-content\">\n\t\t\t\t<div class=\"bdt-ep-advanced-image-gallery-content-inner\">\n\n\t\t\t\t\t\t\t\t\t\t\t\t\t\t\t\t<div class=\"bdt-flex-inline bdt-ep-advanced-image-gallery-item-link-wrapper\">\n\t\t\t\t\t\t\t<a class=\"bdt-ep-advanced-image-gallery-item-link elementor-clickable icon-type-icon\" data-elementor-open-lightbox=\"no\" data-caption=\"\" href=\"https:\/\/www.asenalu.com\/wp-content\/uploads\/2023\/05\/asen-eloksal-kaplama-galeri-04.jpg\">\n\t\t\t\t\t\t\t\t\n\t\t\t\t\t\t\t\t\t\t\t\t\t\t\t\t\t\t\t<span><i aria-hidden=\"true\" class=\"fa-fw ti ti-zoom-in\"><\/i><\/span>\n\t\t\t\t\t\t\t\t\t\n\t\t\t\t\t\t\t\t\t\t\t\t\t\t\t<\/a>\n\t\t\t\t\t\t<\/div>\n\t\t\t\t\t\n\t\t\t\t\t\t\t\t\t<\/div>\n\t\t\t<\/div>\n\t\t<\/div>\n\t\t\t\t\t<\/div>\n\t\t\t\t\t\t\t\t\t<\/div>\n\n\t\t\t\n\t\t\t\t<div class=\"bdt-ep-advanced-image-gallery-item bdt-transition-toggle\">\n\t\t\t\t\t<div class=\"bdt-ep-advanced-image-gallery-inner bdt-image-mask\">\n\t\t\t\t\t\t<div class=\"bdt-ep-advanced-image-gallery-thumbnail bdt-transition-toggle\"><img decoding=\"async\" width=\"1600\" height=\"900\" src=\"https:\/\/www.asenalu.com\/wp-content\/uploads\/2023\/05\/asen-eloksal-kaplama-galeri-03.jpg\" class=\"jgalleryImage\" alt=\"asen-eloksal-kaplama-galeri-03\" srcset=\"https:\/\/www.asenalu.com\/wp-content\/uploads\/2023\/05\/asen-eloksal-kaplama-galeri-03.jpg 1600w, https:\/\/www.asenalu.com\/wp-content\/uploads\/2023\/05\/asen-eloksal-kaplama-galeri-03-300x169.jpg 300w, https:\/\/www.asenalu.com\/wp-content\/uploads\/2023\/05\/asen-eloksal-kaplama-galeri-03-1024x576.jpg 1024w, https:\/\/www.asenalu.com\/wp-content\/uploads\/2023\/05\/asen-eloksal-kaplama-galeri-03-768x432.jpg 768w, https:\/\/www.asenalu.com\/wp-content\/uploads\/2023\/05\/asen-eloksal-kaplama-galeri-03-1536x864.jpg 1536w, https:\/\/www.asenalu.com\/wp-content\/uploads\/2023\/05\/asen-eloksal-kaplama-galeri-03-650x366.jpg 650w\" sizes=\"(max-width: 1600px) 100vw, 1600px\" title=\"\"><\/div>\t\t<div class=\"bdt-position-cover bdt-overlay bdt-overlay-default bdt-transition-fade\">\n\t\t\t<div class=\"bdt-ep-advanced-image-gallery-content\">\n\t\t\t\t<div class=\"bdt-ep-advanced-image-gallery-content-inner\">\n\n\t\t\t\t\t\t\t\t\t\t\t\t\t\t\t\t<div class=\"bdt-flex-inline bdt-ep-advanced-image-gallery-item-link-wrapper\">\n\t\t\t\t\t\t\t<a class=\"bdt-ep-advanced-image-gallery-item-link elementor-clickable icon-type-icon\" data-elementor-open-lightbox=\"no\" data-caption=\"\" href=\"https:\/\/www.asenalu.com\/wp-content\/uploads\/2023\/05\/asen-eloksal-kaplama-galeri-03.jpg\">\n\t\t\t\t\t\t\t\t\n\t\t\t\t\t\t\t\t\t\t\t\t\t\t\t\t\t\t\t<span><i aria-hidden=\"true\" class=\"fa-fw ti ti-zoom-in\"><\/i><\/span>\n\t\t\t\t\t\t\t\t\t\n\t\t\t\t\t\t\t\t\t\t\t\t\t\t\t<\/a>\n\t\t\t\t\t\t<\/div>\n\t\t\t\t\t\n\t\t\t\t\t\t\t\t\t<\/div>\n\t\t\t<\/div>\n\t\t<\/div>\n\t\t\t\t\t<\/div>\n\t\t\t\t\t\t\t\t\t<\/div>\n\n\t\t\t\n\t\t\t\t<div class=\"bdt-ep-advanced-image-gallery-item bdt-transition-toggle\">\n\t\t\t\t\t<div class=\"bdt-ep-advanced-image-gallery-inner bdt-image-mask\">\n\t\t\t\t\t\t<div class=\"bdt-ep-advanced-image-gallery-thumbnail bdt-transition-toggle\"><img decoding=\"async\" width=\"1600\" height=\"900\" src=\"https:\/\/www.asenalu.com\/wp-content\/uploads\/2023\/05\/asen-eloksal-kaplama-galeri-02.jpg\" class=\"jgalleryImage\" alt=\"asen-eloksal-kaplama-galeri-02\" srcset=\"https:\/\/www.asenalu.com\/wp-content\/uploads\/2023\/05\/asen-eloksal-kaplama-galeri-02.jpg 1600w, https:\/\/www.asenalu.com\/wp-content\/uploads\/2023\/05\/asen-eloksal-kaplama-galeri-02-300x169.jpg 300w, https:\/\/www.asenalu.com\/wp-content\/uploads\/2023\/05\/asen-eloksal-kaplama-galeri-02-1024x576.jpg 1024w, https:\/\/www.asenalu.com\/wp-content\/uploads\/2023\/05\/asen-eloksal-kaplama-galeri-02-768x432.jpg 768w, https:\/\/www.asenalu.com\/wp-content\/uploads\/2023\/05\/asen-eloksal-kaplama-galeri-02-1536x864.jpg 1536w, https:\/\/www.asenalu.com\/wp-content\/uploads\/2023\/05\/asen-eloksal-kaplama-galeri-02-650x366.jpg 650w\" sizes=\"(max-width: 1600px) 100vw, 1600px\" title=\"\"><\/div>\t\t<div class=\"bdt-position-cover bdt-overlay bdt-overlay-default bdt-transition-fade\">\n\t\t\t<div class=\"bdt-ep-advanced-image-gallery-content\">\n\t\t\t\t<div class=\"bdt-ep-advanced-image-gallery-content-inner\">\n\n\t\t\t\t\t\t\t\t\t\t\t\t\t\t\t\t<div class=\"bdt-flex-inline bdt-ep-advanced-image-gallery-item-link-wrapper\">\n\t\t\t\t\t\t\t<a class=\"bdt-ep-advanced-image-gallery-item-link elementor-clickable icon-type-icon\" data-elementor-open-lightbox=\"no\" data-caption=\"\" href=\"https:\/\/www.asenalu.com\/wp-content\/uploads\/2023\/05\/asen-eloksal-kaplama-galeri-02.jpg\">\n\t\t\t\t\t\t\t\t\n\t\t\t\t\t\t\t\t\t\t\t\t\t\t\t\t\t\t\t<span><i aria-hidden=\"true\" class=\"fa-fw ti ti-zoom-in\"><\/i><\/span>\n\t\t\t\t\t\t\t\t\t\n\t\t\t\t\t\t\t\t\t\t\t\t\t\t\t<\/a>\n\t\t\t\t\t\t<\/div>\n\t\t\t\t\t\n\t\t\t\t\t\t\t\t\t<\/div>\n\t\t\t<\/div>\n\t\t<\/div>\n\t\t\t\t\t<\/div>\n\t\t\t\t\t\t\t\t\t<\/div>\n\n\t\t\t\n\t\t\t\t<div class=\"bdt-ep-advanced-image-gallery-item bdt-transition-toggle\">\n\t\t\t\t\t<div class=\"bdt-ep-advanced-image-gallery-inner bdt-image-mask\">\n\t\t\t\t\t\t<div class=\"bdt-ep-advanced-image-gallery-thumbnail bdt-transition-toggle\"><img loading=\"lazy\" decoding=\"async\" width=\"1600\" height=\"900\" src=\"https:\/\/www.asenalu.com\/wp-content\/uploads\/2023\/05\/asen-eloksal-kaplama-galeri-01.jpg\" class=\"jgalleryImage\" alt=\"asen-eloksal-kaplama-galeri-01\" srcset=\"https:\/\/www.asenalu.com\/wp-content\/uploads\/2023\/05\/asen-eloksal-kaplama-galeri-01.jpg 1600w, https:\/\/www.asenalu.com\/wp-content\/uploads\/2023\/05\/asen-eloksal-kaplama-galeri-01-300x169.jpg 300w, https:\/\/www.asenalu.com\/wp-content\/uploads\/2023\/05\/asen-eloksal-kaplama-galeri-01-1024x576.jpg 1024w, https:\/\/www.asenalu.com\/wp-content\/uploads\/2023\/05\/asen-eloksal-kaplama-galeri-01-768x432.jpg 768w, https:\/\/www.asenalu.com\/wp-content\/uploads\/2023\/05\/asen-eloksal-kaplama-galeri-01-1536x864.jpg 1536w, https:\/\/www.asenalu.com\/wp-content\/uploads\/2023\/05\/asen-eloksal-kaplama-galeri-01-650x366.jpg 650w\" sizes=\"(max-width: 1600px) 100vw, 1600px\" title=\"\"><\/div>\t\t<div class=\"bdt-position-cover bdt-overlay bdt-overlay-default bdt-transition-fade\">\n\t\t\t<div class=\"bdt-ep-advanced-image-gallery-content\">\n\t\t\t\t<div class=\"bdt-ep-advanced-image-gallery-content-inner\">\n\n\t\t\t\t\t\t\t\t\t\t\t\t\t\t\t\t<div class=\"bdt-flex-inline bdt-ep-advanced-image-gallery-item-link-wrapper\">\n\t\t\t\t\t\t\t<a class=\"bdt-ep-advanced-image-gallery-item-link elementor-clickable icon-type-icon\" data-elementor-open-lightbox=\"no\" data-caption=\"\" href=\"https:\/\/www.asenalu.com\/wp-content\/uploads\/2023\/05\/asen-eloksal-kaplama-galeri-01.jpg\">\n\t\t\t\t\t\t\t\t\n\t\t\t\t\t\t\t\t\t\t\t\t\t\t\t\t\t\t\t<span><i aria-hidden=\"true\" class=\"fa-fw ti ti-zoom-in\"><\/i><\/span>\n\t\t\t\t\t\t\t\t\t\n\t\t\t\t\t\t\t\t\t\t\t\t\t\t\t<\/a>\n\t\t\t\t\t\t<\/div>\n\t\t\t\t\t\n\t\t\t\t\t\t\t\t\t<\/div>\n\t\t\t<\/div>\n\t\t<\/div>\n\t\t\t\t\t<\/div>\n\t\t\t\t\t\t\t\t\t<\/div>\n\n\t\t\t\t\t<\/div>\n\t\t\t\t\t<\/div>\n\t\t\t\t<\/div>\n\t\t\t\t\t<\/div>\n\t\t<\/div>\n\t\t\t\t\t<\/div>\n\t\t<\/section>\n\t\t\t\t<\/div>","protected":false},"excerpt":{"rendered":"<p>Eloksal Kaplama Uygulama Detaylar\u0131 Eloksal kaplama: elektrolitik y\u00f6ntemle al\u00fcminyumun oksidasyonu i\u015flemidir. Kaplaman\u0131n amac\u0131 al\u00fcminyumun korozyon direncini artt\u0131rmak ve ona hem estetik hemde [&hellip;]<\/p>\n","protected":false},"author":2,"featured_media":147,"parent":62,"menu_order":-3,"comment_status":"closed","ping_status":"closed","template":"","meta":{"footnotes":""},"class_list":["post-471","page","type-page","status-publish","has-post-thumbnail","hentry"],"_links":{"self":[{"href":"https:\/\/www.asenalu.com\/en\/wp-json\/wp\/v2\/pages\/471","targetHints":{"allow":["GET"]}}],"collection":[{"href":"https:\/\/www.asenalu.com\/en\/wp-json\/wp\/v2\/pages"}],"about":[{"href":"https:\/\/www.asenalu.com\/en\/wp-json\/wp\/v2\/types\/page"}],"author":[{"embeddable":true,"href":"https:\/\/www.asenalu.com\/en\/wp-json\/wp\/v2\/users\/2"}],"replies":[{"embeddable":true,"href":"https:\/\/www.asenalu.com\/en\/wp-json\/wp\/v2\/comments?post=471"}],"version-history":[{"count":0,"href":"https:\/\/www.asenalu.com\/en\/wp-json\/wp\/v2\/pages\/471\/revisions"}],"up":[{"embeddable":true,"href":"https:\/\/www.asenalu.com\/en\/wp-json\/wp\/v2\/pages\/62"}],"wp:featuredmedia":[{"embeddable":true,"href":"https:\/\/www.asenalu.com\/en\/wp-json\/wp\/v2\/media\/147"}],"wp:attachment":[{"href":"https:\/\/www.asenalu.com\/en\/wp-json\/wp\/v2\/media?parent=471"}],"curies":[{"name":"wp","href":"https:\/\/api.w.org\/{rel}","templated":true}]}}