{"id":473,"date":"2023-05-17T05:55:09","date_gmt":"2023-05-17T05:55:09","guid":{"rendered":"https:\/\/www.asenalu.com\/?page_id=473"},"modified":"2023-06-19T09:45:12","modified_gmt":"2023-06-19T06:45:12","slug":"mekanik-islem","status":"publish","type":"page","link":"https:\/\/www.asenalu.com\/en\/teknoloji\/mekanik-islem\/","title":{"rendered":"Machining"},"content":{"rendered":"<div data-elementor-type=\"wp-page\" data-elementor-id=\"473\" class=\"elementor elementor-473\">\n\t\t\t\t\t\t<section class=\"elementor-section elementor-top-section elementor-element elementor-element-19e43f7 elementor-section-content-middle elementor-section-boxed elementor-section-height-default elementor-section-height-default\" data-id=\"19e43f7\" data-element_type=\"section\" data-e-type=\"section\">\n\t\t\t\t\t\t<div class=\"elementor-container elementor-column-gap-default\">\n\t\t\t\t\t<div class=\"elementor-column elementor-col-50 elementor-top-column elementor-element elementor-element-3be9fe9\" data-id=\"3be9fe9\" data-element_type=\"column\" data-e-type=\"column\">\n\t\t\t<div class=\"elementor-widget-wrap elementor-element-populated\">\n\t\t\t\t\t\t<div class=\"elementor-element elementor-element-e8d2c19  ui-split-animate ui-splitby-chars elementor-widget elementor-widget-heading\" data-id=\"e8d2c19\" data-element_type=\"widget\" data-e-type=\"widget\" data-settings=\"{&quot;ui_animate_split&quot;:&quot;ui-split-animate&quot;,&quot;ui_animate_split_by&quot;:&quot;chars&quot;,&quot;ui_animate_split_style&quot;:&quot;fadeInUp&quot;}\" data-widget_type=\"heading.default\">\n\t\t\t\t<div class=\"elementor-widget-container\">\n\t\t\t\t\t<h2 class=\"elementor-heading-title elementor-size-default\">Mechanical Process Application Details<\/h2>\t\t\t\t<\/div>\n\t\t\t\t<\/div>\n\t\t\t\t<div class=\"elementor-element elementor-element-776968e elementor-widget-tablet__width-inherit elementor-widget-mobile__width-inherit elementor-invisible elementor-widget elementor-widget-text-editor\" data-id=\"776968e\" data-element_type=\"widget\" data-e-type=\"widget\" data-settings=\"{&quot;_animation&quot;:&quot;fadeInUp&quot;}\" data-widget_type=\"text-editor.default\">\n\t\t\t\t<div class=\"elementor-widget-container\">\n\t\t\t\t\t\t\t\t\t<p>In our facility, Cutting, Drilling, Turning, CNC machining, Bending, Press drilling, Welding, Deburring, Assembly processes are carried out in accordance with the needs of our customers.<\/p>\n<p><span style=\"font-size: 17.6px;\">CNC machining involves using machines suitable for aluminium and removing excess material by cutting and grinding to give the final and desired shape.&nbsp;<\/span><\/p>\n<p><span style=\"font-size: 17.6px;\">Asen Al\u00fcminyum has 7 multi-axis 3D mechanical machining stations that allow machining with an accuracy of \u00b10.05 mm and the maximum profile length is up to 7.7 meters.&nbsp;<\/span><\/p>\n<p><span style=\"font-size: 17.6px;\">These stations offer different types of machining: drilling, milling, deburring, precision cutting, drilling, tapping, etc. These operations allow us to offer high flexibility in the case of mechanical machining of all types of profiles, while guaranteeing maximum production precision.<\/span><\/p>\n<p><span style=\"font-size: 17.6px;\">We also have a range of high precision saws with a cutting tolerance of \u00b10.5 mm and a slope tolerance of 1\u00ba.<\/span><\/p>\t\t\t\t\t\t\t\t<\/div>\n\t\t\t\t<\/div>\n\t\t\t\t\t<\/div>\n\t\t<\/div>\n\t\t\t\t<div class=\"elementor-column elementor-col-50 elementor-top-column elementor-element elementor-element-d5b60fb\" data-id=\"d5b60fb\" data-element_type=\"column\" data-e-type=\"column\">\n\t\t\t<div class=\"elementor-widget-wrap elementor-element-populated\">\n\t\t\t\t\t\t<div class=\"elementor-element elementor-element-f88dc4e elementor-widget elementor-widget-image\" data-id=\"f88dc4e\" data-element_type=\"widget\" data-e-type=\"widget\" data-widget_type=\"image.default\">\n\t\t\t\t<div class=\"elementor-widget-container\">\n\t\t\t\t\t\t\t\t\t\t\t\t\t\t\t<img fetchpriority=\"high\" decoding=\"async\" width=\"800\" height=\"963\" src=\"https:\/\/www.asenalu.com\/wp-content\/uploads\/2023\/06\/asen-mekanik-islem-ornekleri-1.png\" class=\"attachment-large size-large wp-image-678\" alt=\"\" srcset=\"https:\/\/www.asenalu.com\/wp-content\/uploads\/2023\/06\/asen-mekanik-islem-ornekleri-1.png 800w, https:\/\/www.asenalu.com\/wp-content\/uploads\/2023\/06\/asen-mekanik-islem-ornekleri-1-249x300.png 249w, https:\/\/www.asenalu.com\/wp-content\/uploads\/2023\/06\/asen-mekanik-islem-ornekleri-1-768x924.png 768w, https:\/\/www.asenalu.com\/wp-content\/uploads\/2023\/06\/asen-mekanik-islem-ornekleri-1-540x650.png 540w\" sizes=\"(max-width: 800px) 100vw, 800px\" title=\"\">\t\t\t\t\t\t\t\t\t\t\t\t\t\t\t<\/div>\n\t\t\t\t<\/div>\n\t\t\t\t\t<\/div>\n\t\t<\/div>\n\t\t\t\t\t<\/div>\n\t\t<\/section>\n\t\t\t\t<section class=\"elementor-section elementor-top-section elementor-element elementor-element-dd2d59e elementor-section-boxed elementor-section-height-default elementor-section-height-default\" data-id=\"dd2d59e\" data-element_type=\"section\" data-e-type=\"section\" data-settings=\"{&quot;background_background&quot;:&quot;classic&quot;}\">\n\t\t\t\t\t\t<div class=\"elementor-container elementor-column-gap-wider\">\n\t\t\t\t\t<div class=\"elementor-column elementor-col-50 elementor-top-column elementor-element elementor-element-39e749b\" data-id=\"39e749b\" data-element_type=\"column\" data-e-type=\"column\">\n\t\t\t<div class=\"elementor-widget-wrap elementor-element-populated\">\n\t\t\t\t\t\t<div class=\"elementor-element elementor-element-de44027  ui-split-animate ui-splitby-chars elementor-widget elementor-widget-heading\" data-id=\"de44027\" data-element_type=\"widget\" data-e-type=\"widget\" data-settings=\"{&quot;ui_animate_split&quot;:&quot;ui-split-animate&quot;,&quot;ui_animate_split_by&quot;:&quot;chars&quot;,&quot;ui_animate_split_style&quot;:&quot;fadeInUp&quot;}\" data-widget_type=\"heading.default\">\n\t\t\t\t<div class=\"elementor-widget-container\">\n\t\t\t\t\t<h3 class=\"elementor-heading-title elementor-size-default\">CNC Machine Park<\/h3>\t\t\t\t<\/div>\n\t\t\t\t<\/div>\n\t\t\t\t<div class=\"elementor-element elementor-element-6b63193 elementor-widget elementor-widget-bdt-table\" data-id=\"6b63193\" data-element_type=\"widget\" data-e-type=\"widget\" data-widget_type=\"bdt-table.default\">\n\t\t\t\t<div class=\"elementor-widget-container\">\n\t\t\t\t\t        <div class=\"bdt-table bdt-table-default-responsive  bdt-data-table\" id=\"bdt-table-6b63193\" data-settings=\"{&quot;paging&quot;:true,&quot;info&quot;:true,&quot;searching&quot;:true,&quot;ordering&quot;:true}\">\n\n\n            <table width=\"536\">\n<tbody>\n<tr>\n<td><b>Quantity<\/b><\/td>\n<td width=\"240\"><b>Model<\/b><\/td>\n<td><b>Specifications<\/b><\/td>\n<\/tr>\n<tr>\n<td rowspan=\"4\"><b>3<\/b><\/td>\n<td rowspan=\"4\"><b>Elumatec<\/b><b> SBZ 150 <\/b><\/td>\n<td>5-axis machining<\/td>\n<\/tr>\n<tr>\n<td>Max. length 7.5 m<\/td>\n<\/tr>\n<tr>\n<td>\u00d8420 mm saw cut<\/td>\n<\/tr>\n<tr>\n<td>Angle cut<\/td>\n<\/tr>\n<tr>\n<td rowspan=\"3\"><b>1<\/b><\/td>\n<td rowspan=\"3\"><b>Emmegi<\/b><b> Phantomatic X6 Machining<\/b><\/td>\n<td>4-axis machining<\/td>\n<\/tr>\n<tr>\n<td>Max. length 7.7 m<\/td>\n<\/tr>\n<tr>\n<td>\u00d8180 mm saw cut<\/td>\n<\/tr>\n<tr>\n<td rowspan=\"2\"><b>2<\/b><\/td>\n<td rowspan=\"2\"><b>Elumatec<\/b><b> SBZ 122 <\/b><\/td>\n<td>3-axis machining<\/td>\n<\/tr>\n<tr>\n<td>Max. Length 3.5 m<\/td>\n<\/tr>\n<tr>\n<td><b>1<\/b><\/td>\n<td><b>Brother S700X1<\/b><\/td>\n<td>Vertical processing<\/td>\n<\/tr>\n<\/tbody>\n<\/table>\n        <\/div>\n\t\t\t\t<\/div>\n\t\t\t\t<\/div>\n\t\t\t\t\t<\/div>\n\t\t<\/div>\n\t\t\t\t<div class=\"elementor-column elementor-col-50 elementor-top-column elementor-element elementor-element-9a99811\" data-id=\"9a99811\" data-element_type=\"column\" data-e-type=\"column\">\n\t\t\t<div class=\"elementor-widget-wrap elementor-element-populated\">\n\t\t\t\t\t\t<div class=\"elementor-element elementor-element-ac138e5  ui-split-animate ui-splitby-chars elementor-widget elementor-widget-heading\" data-id=\"ac138e5\" data-element_type=\"widget\" data-e-type=\"widget\" data-settings=\"{&quot;ui_animate_split&quot;:&quot;ui-split-animate&quot;,&quot;ui_animate_split_by&quot;:&quot;chars&quot;,&quot;ui_animate_split_style&quot;:&quot;fadeInUp&quot;}\" data-widget_type=\"heading.default\">\n\t\t\t\t<div class=\"elementor-widget-container\">\n\t\t\t\t\t<h3 class=\"elementor-heading-title elementor-size-default\">Other Machines<\/h3>\t\t\t\t<\/div>\n\t\t\t\t<\/div>\n\t\t\t\t<div class=\"elementor-element elementor-element-0261922 elementor-widget elementor-widget-bdt-table\" data-id=\"0261922\" data-element_type=\"widget\" data-e-type=\"widget\" data-widget_type=\"bdt-table.default\">\n\t\t\t\t<div class=\"elementor-widget-container\">\n\t\t\t\t\t        <div class=\"bdt-table bdt-table-default-responsive  bdt-data-table\" id=\"bdt-table-0261922\" data-settings=\"{&quot;paging&quot;:true,&quot;info&quot;:true,&quot;searching&quot;:true,&quot;ordering&quot;:true}\">\n\n\n            <table>\n<tbody>\n<tr>\n<td><b>Quantity<\/b><\/td>\n<td width=\"275\"><b>Model<\/b><\/td>\n<td><b>Specifications<\/b><\/td>\n<\/tr>\n<tr>\n<td rowspan=\"2\"><b>2<\/b><\/td>\n<td rowspan=\"2\"><b>Elumatec DG244 Double Head Saw<\/b><\/td>\n<td>\u00d8550 mm saw diameter<\/td>\n<\/tr>\n<tr>\n<td>Angle cut<\/td>\n<\/tr>\n<tr>\n<td rowspan=\"2\"><b>1<\/b><\/td>\n<td rowspan=\"2\"><b>Emmegi Classic Magic 450 Double Head Saw<\/b><\/td>\n<td>\u00d8450 mm saw diameter<\/td>\n<\/tr>\n<tr>\n<td>Angle cut<\/td>\n<\/tr>\n<tr>\n<td rowspan=\"2\"><b>1<\/b><\/td>\n<td rowspan=\"2\"><b>Emmegi precision TS2 Double Head Saw<\/b><\/td>\n<td>\u00d8550 mm saw diameter<\/td>\n<\/tr>\n<tr>\n<td>Angle cut<\/td>\n<\/tr>\n<tr>\n<td><b>1<\/b><\/td>\n<td><b>JIH-18DB Slicing<\/b><\/td>\n<td>\u00d8450 mm saw diameter<\/td>\n<\/tr>\n<tr>\n<td><b>1<\/b><\/td>\n<td><b>JIH-NC24-L Slitting<\/b><\/td>\n<td>\u00d8610 mm saw diameter<\/td>\n<\/tr>\n<tr>\n<td><b>3<\/b><\/td>\n<td><b>Eccentric Press<\/b><\/td>\n<td>35 tons<\/td>\n<\/tr>\n<\/tbody>\n<\/table>\n        <\/div>\n\t\t\t\t<\/div>\n\t\t\t\t<\/div>\n\t\t\t\t\t<\/div>\n\t\t<\/div>\n\t\t\t\t\t<\/div>\n\t\t<\/section>\n\t\t\t\t<section class=\"elementor-section elementor-top-section elementor-element elementor-element-896f27b elementor-section-content-middle elementor-section-full_width elementor-section-height-default elementor-section-height-default\" data-id=\"896f27b\" data-element_type=\"section\" data-e-type=\"section\" data-settings=\"{&quot;background_background&quot;:&quot;classic&quot;}\">\n\t\t\t\t\t\t<div class=\"elementor-container elementor-column-gap-wide\">\n\t\t\t\t\t<div class=\"elementor-column elementor-col-100 elementor-top-column elementor-element elementor-element-5bae869\" data-id=\"5bae869\" data-element_type=\"column\" data-e-type=\"column\">\n\t\t\t<div class=\"elementor-widget-wrap elementor-element-populated\">\n\t\t\t\t\t\t<div class=\"elementor-element elementor-element-f438de1 elementor-widget elementor-widget-bdt-advanced-image-gallery\" data-id=\"f438de1\" data-element_type=\"widget\" data-e-type=\"widget\" data-widget_type=\"bdt-advanced-image-gallery.default\">\n\t\t\t\t<div class=\"elementor-widget-container\">\n\t\t\t\t\t\t\t<div id=\"bdt-avdg-f438de1\" class=\"bdt-ep-advanced-image-gallery bdt-ep-advanced-image-gallery-skin-default jgallery\" data-jgallery-jfheight=\"260\" data-jgallery-itemgap=\"30\" data-bdt-lightbox=\"animation: slide;\" data-settings=\"{&quot;id&quot;:&quot;#bdt-avdg-f438de1&quot;,&quot;tiltShow&quot;:false}\">\n\t\t\t\n\t\t\t\t<div class=\"bdt-ep-advanced-image-gallery-item bdt-transition-toggle\">\n\t\t\t\t\t<div class=\"bdt-ep-advanced-image-gallery-inner bdt-image-mask\">\n\t\t\t\t\t\t<div class=\"bdt-ep-advanced-image-gallery-thumbnail bdt-transition-toggle\"><img decoding=\"async\" width=\"1600\" height=\"900\" src=\"https:\/\/www.asenalu.com\/wp-content\/uploads\/2023\/05\/asen-mekanik-islem-galeri-01.jpg\" class=\"jgalleryImage\" alt=\"default\" srcset=\"https:\/\/www.asenalu.com\/wp-content\/uploads\/2023\/05\/asen-mekanik-islem-galeri-01.jpg 1600w, https:\/\/www.asenalu.com\/wp-content\/uploads\/2023\/05\/asen-mekanik-islem-galeri-01-300x169.jpg 300w, https:\/\/www.asenalu.com\/wp-content\/uploads\/2023\/05\/asen-mekanik-islem-galeri-01-1024x576.jpg 1024w, https:\/\/www.asenalu.com\/wp-content\/uploads\/2023\/05\/asen-mekanik-islem-galeri-01-768x432.jpg 768w, https:\/\/www.asenalu.com\/wp-content\/uploads\/2023\/05\/asen-mekanik-islem-galeri-01-1536x864.jpg 1536w, https:\/\/www.asenalu.com\/wp-content\/uploads\/2023\/05\/asen-mekanik-islem-galeri-01-650x366.jpg 650w\" sizes=\"(max-width: 1600px) 100vw, 1600px\" title=\"\"><\/div>\t\t<div class=\"bdt-position-cover bdt-overlay bdt-overlay-default bdt-transition-fade\">\n\t\t\t<div class=\"bdt-ep-advanced-image-gallery-content\">\n\t\t\t\t<div class=\"bdt-ep-advanced-image-gallery-content-inner\">\n\n\t\t\t\t\t\t\t\t\t\t\t\t\t\t\t\t<div class=\"bdt-flex-inline bdt-ep-advanced-image-gallery-item-link-wrapper\">\n\t\t\t\t\t\t\t<a class=\"bdt-ep-advanced-image-gallery-item-link elementor-clickable icon-type-icon\" data-elementor-open-lightbox=\"no\" data-caption=\"default\" href=\"https:\/\/www.asenalu.com\/wp-content\/uploads\/2023\/05\/asen-mekanik-islem-galeri-01.jpg\">\n\t\t\t\t\t\t\t\t\n\t\t\t\t\t\t\t\t\t\t\t\t\t\t\t\t\t\t\t<span><i aria-hidden=\"true\" class=\"fa-fw ti ti-zoom-in\"><\/i><\/span>\n\t\t\t\t\t\t\t\t\t\n\t\t\t\t\t\t\t\t\t\t\t\t\t\t\t<\/a>\n\t\t\t\t\t\t<\/div>\n\t\t\t\t\t\n\t\t\t\t\t\t\t\t\t<\/div>\n\t\t\t<\/div>\n\t\t<\/div>\n\t\t\t\t\t<\/div>\n\t\t\t\t\t\t\t\t\t<\/div>\n\n\t\t\t\n\t\t\t\t<div class=\"bdt-ep-advanced-image-gallery-item bdt-transition-toggle\">\n\t\t\t\t\t<div class=\"bdt-ep-advanced-image-gallery-inner bdt-image-mask\">\n\t\t\t\t\t\t<div class=\"bdt-ep-advanced-image-gallery-thumbnail bdt-transition-toggle\"><img decoding=\"async\" width=\"1600\" height=\"900\" src=\"https:\/\/www.asenalu.com\/wp-content\/uploads\/2023\/05\/asen-mekanik-islem-galeri-02.jpg\" class=\"jgalleryImage\" alt=\"default\" srcset=\"https:\/\/www.asenalu.com\/wp-content\/uploads\/2023\/05\/asen-mekanik-islem-galeri-02.jpg 1600w, https:\/\/www.asenalu.com\/wp-content\/uploads\/2023\/05\/asen-mekanik-islem-galeri-02-300x169.jpg 300w, https:\/\/www.asenalu.com\/wp-content\/uploads\/2023\/05\/asen-mekanik-islem-galeri-02-1024x576.jpg 1024w, https:\/\/www.asenalu.com\/wp-content\/uploads\/2023\/05\/asen-mekanik-islem-galeri-02-768x432.jpg 768w, https:\/\/www.asenalu.com\/wp-content\/uploads\/2023\/05\/asen-mekanik-islem-galeri-02-1536x864.jpg 1536w, https:\/\/www.asenalu.com\/wp-content\/uploads\/2023\/05\/asen-mekanik-islem-galeri-02-650x366.jpg 650w\" sizes=\"(max-width: 1600px) 100vw, 1600px\" title=\"\"><\/div>\t\t<div class=\"bdt-position-cover bdt-overlay bdt-overlay-default bdt-transition-fade\">\n\t\t\t<div class=\"bdt-ep-advanced-image-gallery-content\">\n\t\t\t\t<div class=\"bdt-ep-advanced-image-gallery-content-inner\">\n\n\t\t\t\t\t\t\t\t\t\t\t\t\t\t\t\t<div class=\"bdt-flex-inline bdt-ep-advanced-image-gallery-item-link-wrapper\">\n\t\t\t\t\t\t\t<a class=\"bdt-ep-advanced-image-gallery-item-link elementor-clickable icon-type-icon\" data-elementor-open-lightbox=\"no\" data-caption=\"default\" href=\"https:\/\/www.asenalu.com\/wp-content\/uploads\/2023\/05\/asen-mekanik-islem-galeri-02.jpg\">\n\t\t\t\t\t\t\t\t\n\t\t\t\t\t\t\t\t\t\t\t\t\t\t\t\t\t\t\t<span><i aria-hidden=\"true\" class=\"fa-fw ti ti-zoom-in\"><\/i><\/span>\n\t\t\t\t\t\t\t\t\t\n\t\t\t\t\t\t\t\t\t\t\t\t\t\t\t<\/a>\n\t\t\t\t\t\t<\/div>\n\t\t\t\t\t\n\t\t\t\t\t\t\t\t\t<\/div>\n\t\t\t<\/div>\n\t\t<\/div>\n\t\t\t\t\t<\/div>\n\t\t\t\t\t\t\t\t\t<\/div>\n\n\t\t\t\n\t\t\t\t<div class=\"bdt-ep-advanced-image-gallery-item bdt-transition-toggle\">\n\t\t\t\t\t<div class=\"bdt-ep-advanced-image-gallery-inner bdt-image-mask\">\n\t\t\t\t\t\t<div class=\"bdt-ep-advanced-image-gallery-thumbnail bdt-transition-toggle\"><img loading=\"lazy\" decoding=\"async\" width=\"1600\" height=\"901\" src=\"https:\/\/www.asenalu.com\/wp-content\/uploads\/2023\/05\/asen-mekanik-islem-galeri-03.jpg\" class=\"jgalleryImage\" alt=\"asen-mekanik-islem-galeri-03\" srcset=\"https:\/\/www.asenalu.com\/wp-content\/uploads\/2023\/05\/asen-mekanik-islem-galeri-03.jpg 1600w, https:\/\/www.asenalu.com\/wp-content\/uploads\/2023\/05\/asen-mekanik-islem-galeri-03-300x169.jpg 300w, https:\/\/www.asenalu.com\/wp-content\/uploads\/2023\/05\/asen-mekanik-islem-galeri-03-1024x577.jpg 1024w, https:\/\/www.asenalu.com\/wp-content\/uploads\/2023\/05\/asen-mekanik-islem-galeri-03-768x432.jpg 768w, https:\/\/www.asenalu.com\/wp-content\/uploads\/2023\/05\/asen-mekanik-islem-galeri-03-1536x865.jpg 1536w, https:\/\/www.asenalu.com\/wp-content\/uploads\/2023\/05\/asen-mekanik-islem-galeri-03-650x366.jpg 650w\" sizes=\"(max-width: 1600px) 100vw, 1600px\" title=\"\"><\/div>\t\t<div class=\"bdt-position-cover bdt-overlay bdt-overlay-default bdt-transition-fade\">\n\t\t\t<div class=\"bdt-ep-advanced-image-gallery-content\">\n\t\t\t\t<div class=\"bdt-ep-advanced-image-gallery-content-inner\">\n\n\t\t\t\t\t\t\t\t\t\t\t\t\t\t\t\t<div class=\"bdt-flex-inline bdt-ep-advanced-image-gallery-item-link-wrapper\">\n\t\t\t\t\t\t\t<a class=\"bdt-ep-advanced-image-gallery-item-link elementor-clickable icon-type-icon\" data-elementor-open-lightbox=\"no\" data-caption=\"\" href=\"https:\/\/www.asenalu.com\/wp-content\/uploads\/2023\/05\/asen-mekanik-islem-galeri-03.jpg\">\n\t\t\t\t\t\t\t\t\n\t\t\t\t\t\t\t\t\t\t\t\t\t\t\t\t\t\t\t<span><i aria-hidden=\"true\" class=\"fa-fw ti ti-zoom-in\"><\/i><\/span>\n\t\t\t\t\t\t\t\t\t\n\t\t\t\t\t\t\t\t\t\t\t\t\t\t\t<\/a>\n\t\t\t\t\t\t<\/div>\n\t\t\t\t\t\n\t\t\t\t\t\t\t\t\t<\/div>\n\t\t\t<\/div>\n\t\t<\/div>\n\t\t\t\t\t<\/div>\n\t\t\t\t\t\t\t\t\t<\/div>\n\n\t\t\t\t\t<\/div>\n\t\t\t\t\t<\/div>\n\t\t\t\t<\/div>\n\t\t\t\t\t<\/div>\n\t\t<\/div>\n\t\t\t\t\t<\/div>\n\t\t<\/section>\n\t\t\t\t<\/div>","protected":false},"excerpt":{"rendered":"<p>Mekanik \u0130\u015flem Uygulama Detaylar\u0131 Tesisimizde, m\u00fc\u015fterilerimizin ihtiya\u00e7lar\u0131na uygun olarak Kesme, Delme, Tornalama, CNC i\u015fleme, B\u00fck\u00fcm, Presle delme, Kaynak, \u00c7apak Alma, Montaj i\u015flemleri [&hellip;]<\/p>\n","protected":false},"author":2,"featured_media":147,"parent":62,"menu_order":-3,"comment_status":"closed","ping_status":"closed","template":"","meta":{"footnotes":""},"class_list":["post-473","page","type-page","status-publish","has-post-thumbnail","hentry"],"_links":{"self":[{"href":"https:\/\/www.asenalu.com\/en\/wp-json\/wp\/v2\/pages\/473","targetHints":{"allow":["GET"]}}],"collection":[{"href":"https:\/\/www.asenalu.com\/en\/wp-json\/wp\/v2\/pages"}],"about":[{"href":"https:\/\/www.asenalu.com\/en\/wp-json\/wp\/v2\/types\/page"}],"author":[{"embeddable":true,"href":"https:\/\/www.asenalu.com\/en\/wp-json\/wp\/v2\/users\/2"}],"replies":[{"embeddable":true,"href":"https:\/\/www.asenalu.com\/en\/wp-json\/wp\/v2\/comments?post=473"}],"version-history":[{"count":0,"href":"https:\/\/www.asenalu.com\/en\/wp-json\/wp\/v2\/pages\/473\/revisions"}],"up":[{"embeddable":true,"href":"https:\/\/www.asenalu.com\/en\/wp-json\/wp\/v2\/pages\/62"}],"wp:featuredmedia":[{"embeddable":true,"href":"https:\/\/www.asenalu.com\/en\/wp-json\/wp\/v2\/media\/147"}],"wp:attachment":[{"href":"https:\/\/www.asenalu.com\/en\/wp-json\/wp\/v2\/media?parent=473"}],"curies":[{"name":"wp","href":"https:\/\/api.w.org\/{rel}","templated":true}]}}