{"id":694,"date":"2023-06-19T09:49:45","date_gmt":"2023-06-19T06:49:45","guid":{"rendered":"https:\/\/www.asenalu.com\/?page_id=694"},"modified":"2023-06-19T10:02:27","modified_gmt":"2023-06-19T07:02:27","slug":"sevkiyat","status":"publish","type":"page","link":"https:\/\/www.asenalu.com\/en\/teknoloji\/sevkiyat\/","title":{"rendered":"Packing and Shipment"},"content":{"rendered":"<div data-elementor-type=\"wp-page\" data-elementor-id=\"694\" class=\"elementor elementor-694\">\n\t\t\t\t\t\t<section class=\"elementor-section elementor-top-section elementor-element elementor-element-c88db8c elementor-section-boxed elementor-section-height-default elementor-section-height-default\" data-id=\"c88db8c\" data-element_type=\"section\" data-e-type=\"section\">\n\t\t\t\t\t\t<div class=\"elementor-container elementor-column-gap-default\">\n\t\t\t\t\t<div class=\"elementor-column elementor-col-100 elementor-top-column elementor-element elementor-element-2b9375c\" data-id=\"2b9375c\" data-element_type=\"column\" data-e-type=\"column\">\n\t\t\t<div class=\"elementor-widget-wrap elementor-element-populated\">\n\t\t\t\t\t\t<div class=\"elementor-element elementor-element-8a322cf elementor-widget__width-initial elementor-widget-tablet__width-inherit elementor-widget-mobile__width-inherit elementor-invisible elementor-widget elementor-widget-text-editor\" data-id=\"8a322cf\" data-element_type=\"widget\" data-e-type=\"widget\" data-settings=\"{&quot;_animation&quot;:&quot;fadeInUp&quot;}\" data-widget_type=\"text-editor.default\">\n\t\t\t\t<div class=\"elementor-widget-container\">\n\t\t\t\t\t\t\t\t\t<p>Asen Aluminium offers customized packaging and shipping services to provide customers with a full service experience.<\/p>\t\t\t\t\t\t\t\t<\/div>\n\t\t\t\t<\/div>\n\t\t\t\t<section class=\"elementor-section elementor-inner-section elementor-element elementor-element-286d50f elementor-section-boxed elementor-section-height-default elementor-section-height-default\" data-id=\"286d50f\" data-element_type=\"section\" data-e-type=\"section\">\n\t\t\t\t\t\t<div class=\"elementor-container elementor-column-gap-wider\">\n\t\t\t\t\t<div class=\"elementor-column elementor-col-50 elementor-inner-column elementor-element elementor-element-e2cc656\" data-id=\"e2cc656\" data-element_type=\"column\" data-e-type=\"column\">\n\t\t\t<div class=\"elementor-widget-wrap elementor-element-populated\">\n\t\t\t\t\t\t<div class=\"elementor-element elementor-element-4a5b51a elementor-widget elementor-widget-heading\" data-id=\"4a5b51a\" data-element_type=\"widget\" data-e-type=\"widget\" data-widget_type=\"heading.default\">\n\t\t\t\t<div class=\"elementor-widget-container\">\n\t\t\t\t\t<h2 class=\"elementor-heading-title elementor-size-default\">Packaging Service<\/h2>\t\t\t\t<\/div>\n\t\t\t\t<\/div>\n\t\t\t\t<div class=\"elementor-element elementor-element-9a92107 elementor-widget__width-initial elementor-widget-tablet__width-inherit elementor-widget-mobile__width-inherit elementor-invisible elementor-widget elementor-widget-text-editor\" data-id=\"9a92107\" data-element_type=\"widget\" data-e-type=\"widget\" data-settings=\"{&quot;_animation&quot;:&quot;fadeInUp&quot;}\" data-widget_type=\"text-editor.default\">\n\t\t\t\t<div class=\"elementor-widget-container\">\n\t\t\t\t\t\t\t\t\t<p>In order to protect the quality of the products and ensure that they are not damaged during shipment, Asen Aluminium offers a customized packaging service according to the specific needs of the customer. Each product is packaged in a way that ensures optimum protection. The packaging materials used are selected according to the characteristics of each product and the needs of the customer. This ensures that the products reach the customer in the best possible condition.<\/p>\t\t\t\t\t\t\t\t<\/div>\n\t\t\t\t<\/div>\n\t\t\t\t\t<\/div>\n\t\t<\/div>\n\t\t\t\t<div class=\"elementor-column elementor-col-50 elementor-inner-column elementor-element elementor-element-aa403c6\" data-id=\"aa403c6\" data-element_type=\"column\" data-e-type=\"column\">\n\t\t\t<div class=\"elementor-widget-wrap elementor-element-populated\">\n\t\t\t\t\t\t<div class=\"elementor-element elementor-element-1d097b1 elementor-widget elementor-widget-heading\" data-id=\"1d097b1\" data-element_type=\"widget\" data-e-type=\"widget\" data-widget_type=\"heading.default\">\n\t\t\t\t<div class=\"elementor-widget-container\">\n\t\t\t\t\t<h2 class=\"elementor-heading-title elementor-size-default\">Shipment Service<\/h2>\t\t\t\t<\/div>\n\t\t\t\t<\/div>\n\t\t\t\t<div class=\"elementor-element elementor-element-c744af5 elementor-widget__width-initial elementor-widget-tablet__width-inherit elementor-widget-mobile__width-inherit elementor-invisible elementor-widget elementor-widget-text-editor\" data-id=\"c744af5\" data-element_type=\"widget\" data-e-type=\"widget\" data-settings=\"{&quot;_animation&quot;:&quot;fadeInUp&quot;}\" data-widget_type=\"text-editor.default\">\n\t\t\t\t<div class=\"elementor-widget-container\">\n\t\t\t\t\t\t\t\t\tAsen Al\u00fcminyum offers a fast and efficient shipment service to guarantee on-time delivery. This is scheduled and implemented according to the date set by the customer. Since Asen Al\u00fcminyum has extensive experience in domestic and international shipping, it can respond to any logistical need. Throughout the shipment process, it uses a tracking system to keep track of the status and location of the products. This allows the customer to be informed at every stage of the shipment.\t\t\t\t\t\t\t\t<\/div>\n\t\t\t\t<\/div>\n\t\t\t\t\t<\/div>\n\t\t<\/div>\n\t\t\t\t\t<\/div>\n\t\t<\/section>\n\t\t\t\t\t<\/div>\n\t\t<\/div>\n\t\t\t\t\t<\/div>\n\t\t<\/section>\n\t\t\t\t<section class=\"elementor-section elementor-top-section elementor-element elementor-element-896f27b elementor-section-content-middle elementor-section-full_width elementor-section-height-default elementor-section-height-default\" data-id=\"896f27b\" data-element_type=\"section\" data-e-type=\"section\" data-settings=\"{&quot;background_background&quot;:&quot;classic&quot;}\">\n\t\t\t\t\t\t<div class=\"elementor-container elementor-column-gap-wide\">\n\t\t\t\t\t<div class=\"elementor-column elementor-col-100 elementor-top-column elementor-element elementor-element-5bae869\" data-id=\"5bae869\" data-element_type=\"column\" data-e-type=\"column\">\n\t\t\t<div class=\"elementor-widget-wrap elementor-element-populated\">\n\t\t\t\t\t\t<div class=\"elementor-element elementor-element-f438de1 elementor-widget elementor-widget-bdt-advanced-image-gallery\" data-id=\"f438de1\" data-element_type=\"widget\" data-e-type=\"widget\" data-widget_type=\"bdt-advanced-image-gallery.default\">\n\t\t\t\t<div class=\"elementor-widget-container\">\n\t\t\t\t\t\t\t<div id=\"bdt-avdg-f438de1\" class=\"bdt-ep-advanced-image-gallery bdt-ep-advanced-image-gallery-skin-default jgallery\" data-jgallery-jfheight=\"260\" data-jgallery-itemgap=\"30\" data-bdt-lightbox=\"animation: slide;\" data-settings=\"{&quot;id&quot;:&quot;#bdt-avdg-f438de1&quot;,&quot;tiltShow&quot;:false}\">\n\t\t\t\n\t\t\t\t<div class=\"bdt-ep-advanced-image-gallery-item bdt-transition-toggle\">\n\t\t\t\t\t<div class=\"bdt-ep-advanced-image-gallery-inner bdt-image-mask\">\n\t\t\t\t\t\t<div class=\"bdt-ep-advanced-image-gallery-thumbnail bdt-transition-toggle\"><img fetchpriority=\"high\" decoding=\"async\" width=\"750\" height=\"501\" src=\"https:\/\/www.asenalu.com\/wp-content\/uploads\/2023\/06\/asen-paketleme-sevkiyat-6.jpg\" class=\"jgalleryImage\" alt=\"asen-paketleme-sevkiyat-6\" srcset=\"https:\/\/www.asenalu.com\/wp-content\/uploads\/2023\/06\/asen-paketleme-sevkiyat-6.jpg 750w, https:\/\/www.asenalu.com\/wp-content\/uploads\/2023\/06\/asen-paketleme-sevkiyat-6-300x200.jpg 300w, https:\/\/www.asenalu.com\/wp-content\/uploads\/2023\/06\/asen-paketleme-sevkiyat-6-650x434.jpg 650w\" sizes=\"(max-width: 750px) 100vw, 750px\" title=\"\"><\/div>\t\t<div class=\"bdt-position-cover bdt-overlay bdt-overlay-default bdt-transition-fade\">\n\t\t\t<div class=\"bdt-ep-advanced-image-gallery-content\">\n\t\t\t\t<div class=\"bdt-ep-advanced-image-gallery-content-inner\">\n\n\t\t\t\t\t\t\t\t\t\t\t\t\t\t\t\t<div class=\"bdt-flex-inline bdt-ep-advanced-image-gallery-item-link-wrapper\">\n\t\t\t\t\t\t\t<a class=\"bdt-ep-advanced-image-gallery-item-link elementor-clickable icon-type-icon\" data-elementor-open-lightbox=\"no\" data-caption=\"\" href=\"https:\/\/www.asenalu.com\/wp-content\/uploads\/2023\/06\/asen-paketleme-sevkiyat-6.jpg\">\n\t\t\t\t\t\t\t\t\n\t\t\t\t\t\t\t\t\t\t\t\t\t\t\t\t\t\t\t<span><i aria-hidden=\"true\" class=\"fa-fw ti ti-zoom-in\"><\/i><\/span>\n\t\t\t\t\t\t\t\t\t\n\t\t\t\t\t\t\t\t\t\t\t\t\t\t\t<\/a>\n\t\t\t\t\t\t<\/div>\n\t\t\t\t\t\n\t\t\t\t\t\t\t\t\t<\/div>\n\t\t\t<\/div>\n\t\t<\/div>\n\t\t\t\t\t<\/div>\n\t\t\t\t\t\t\t\t\t<\/div>\n\n\t\t\t\n\t\t\t\t<div class=\"bdt-ep-advanced-image-gallery-item bdt-transition-toggle\">\n\t\t\t\t\t<div class=\"bdt-ep-advanced-image-gallery-inner bdt-image-mask\">\n\t\t\t\t\t\t<div class=\"bdt-ep-advanced-image-gallery-thumbnail bdt-transition-toggle\"><img decoding=\"async\" width=\"750\" height=\"500\" src=\"https:\/\/www.asenalu.com\/wp-content\/uploads\/2023\/06\/asen-paketleme-sevkiyat-5.jpg\" class=\"jgalleryImage\" alt=\"asen-paketleme-sevkiyat-5\" srcset=\"https:\/\/www.asenalu.com\/wp-content\/uploads\/2023\/06\/asen-paketleme-sevkiyat-5.jpg 750w, https:\/\/www.asenalu.com\/wp-content\/uploads\/2023\/06\/asen-paketleme-sevkiyat-5-300x200.jpg 300w, https:\/\/www.asenalu.com\/wp-content\/uploads\/2023\/06\/asen-paketleme-sevkiyat-5-650x433.jpg 650w\" sizes=\"(max-width: 750px) 100vw, 750px\" title=\"\"><\/div>\t\t<div class=\"bdt-position-cover bdt-overlay bdt-overlay-default bdt-transition-fade\">\n\t\t\t<div class=\"bdt-ep-advanced-image-gallery-content\">\n\t\t\t\t<div class=\"bdt-ep-advanced-image-gallery-content-inner\">\n\n\t\t\t\t\t\t\t\t\t\t\t\t\t\t\t\t<div class=\"bdt-flex-inline bdt-ep-advanced-image-gallery-item-link-wrapper\">\n\t\t\t\t\t\t\t<a class=\"bdt-ep-advanced-image-gallery-item-link elementor-clickable icon-type-icon\" data-elementor-open-lightbox=\"no\" data-caption=\"\" href=\"https:\/\/www.asenalu.com\/wp-content\/uploads\/2023\/06\/asen-paketleme-sevkiyat-5.jpg\">\n\t\t\t\t\t\t\t\t\n\t\t\t\t\t\t\t\t\t\t\t\t\t\t\t\t\t\t\t<span><i aria-hidden=\"true\" class=\"fa-fw ti ti-zoom-in\"><\/i><\/span>\n\t\t\t\t\t\t\t\t\t\n\t\t\t\t\t\t\t\t\t\t\t\t\t\t\t<\/a>\n\t\t\t\t\t\t<\/div>\n\t\t\t\t\t\n\t\t\t\t\t\t\t\t\t<\/div>\n\t\t\t<\/div>\n\t\t<\/div>\n\t\t\t\t\t<\/div>\n\t\t\t\t\t\t\t\t\t<\/div>\n\n\t\t\t\n\t\t\t\t<div class=\"bdt-ep-advanced-image-gallery-item bdt-transition-toggle\">\n\t\t\t\t\t<div class=\"bdt-ep-advanced-image-gallery-inner bdt-image-mask\">\n\t\t\t\t\t\t<div class=\"bdt-ep-advanced-image-gallery-thumbnail bdt-transition-toggle\"><img decoding=\"async\" width=\"750\" height=\"500\" src=\"https:\/\/www.asenalu.com\/wp-content\/uploads\/2023\/06\/asen-paketleme-sevkiyat-4.jpg\" class=\"jgalleryImage\" alt=\"asen-paketleme-sevkiyat-4\" srcset=\"https:\/\/www.asenalu.com\/wp-content\/uploads\/2023\/06\/asen-paketleme-sevkiyat-4.jpg 750w, https:\/\/www.asenalu.com\/wp-content\/uploads\/2023\/06\/asen-paketleme-sevkiyat-4-300x200.jpg 300w, https:\/\/www.asenalu.com\/wp-content\/uploads\/2023\/06\/asen-paketleme-sevkiyat-4-650x433.jpg 650w\" sizes=\"(max-width: 750px) 100vw, 750px\" title=\"\"><\/div>\t\t<div class=\"bdt-position-cover bdt-overlay bdt-overlay-default bdt-transition-fade\">\n\t\t\t<div class=\"bdt-ep-advanced-image-gallery-content\">\n\t\t\t\t<div class=\"bdt-ep-advanced-image-gallery-content-inner\">\n\n\t\t\t\t\t\t\t\t\t\t\t\t\t\t\t\t<div class=\"bdt-flex-inline bdt-ep-advanced-image-gallery-item-link-wrapper\">\n\t\t\t\t\t\t\t<a class=\"bdt-ep-advanced-image-gallery-item-link elementor-clickable icon-type-icon\" data-elementor-open-lightbox=\"no\" data-caption=\"\" href=\"https:\/\/www.asenalu.com\/wp-content\/uploads\/2023\/06\/asen-paketleme-sevkiyat-4.jpg\">\n\t\t\t\t\t\t\t\t\n\t\t\t\t\t\t\t\t\t\t\t\t\t\t\t\t\t\t\t<span><i aria-hidden=\"true\" class=\"fa-fw ti ti-zoom-in\"><\/i><\/span>\n\t\t\t\t\t\t\t\t\t\n\t\t\t\t\t\t\t\t\t\t\t\t\t\t\t<\/a>\n\t\t\t\t\t\t<\/div>\n\t\t\t\t\t\n\t\t\t\t\t\t\t\t\t<\/div>\n\t\t\t<\/div>\n\t\t<\/div>\n\t\t\t\t\t<\/div>\n\t\t\t\t\t\t\t\t\t<\/div>\n\n\t\t\t\n\t\t\t\t<div class=\"bdt-ep-advanced-image-gallery-item bdt-transition-toggle\">\n\t\t\t\t\t<div class=\"bdt-ep-advanced-image-gallery-inner bdt-image-mask\">\n\t\t\t\t\t\t<div class=\"bdt-ep-advanced-image-gallery-thumbnail bdt-transition-toggle\"><img loading=\"lazy\" decoding=\"async\" width=\"700\" height=\"467\" src=\"https:\/\/www.asenalu.com\/wp-content\/uploads\/2023\/06\/asen-paketleme-sevkiyat-1.jpg\" class=\"jgalleryImage\" alt=\"asen-paketleme-sevkiyat-1\" srcset=\"https:\/\/www.asenalu.com\/wp-content\/uploads\/2023\/06\/asen-paketleme-sevkiyat-1.jpg 700w, https:\/\/www.asenalu.com\/wp-content\/uploads\/2023\/06\/asen-paketleme-sevkiyat-1-300x200.jpg 300w, https:\/\/www.asenalu.com\/wp-content\/uploads\/2023\/06\/asen-paketleme-sevkiyat-1-650x434.jpg 650w\" sizes=\"(max-width: 700px) 100vw, 700px\" title=\"\"><\/div>\t\t<div class=\"bdt-position-cover bdt-overlay bdt-overlay-default bdt-transition-fade\">\n\t\t\t<div class=\"bdt-ep-advanced-image-gallery-content\">\n\t\t\t\t<div class=\"bdt-ep-advanced-image-gallery-content-inner\">\n\n\t\t\t\t\t\t\t\t\t\t\t\t\t\t\t\t<div class=\"bdt-flex-inline bdt-ep-advanced-image-gallery-item-link-wrapper\">\n\t\t\t\t\t\t\t<a class=\"bdt-ep-advanced-image-gallery-item-link elementor-clickable icon-type-icon\" data-elementor-open-lightbox=\"no\" data-caption=\"\" href=\"https:\/\/www.asenalu.com\/wp-content\/uploads\/2023\/06\/asen-paketleme-sevkiyat-1.jpg\">\n\t\t\t\t\t\t\t\t\n\t\t\t\t\t\t\t\t\t\t\t\t\t\t\t\t\t\t\t<span><i aria-hidden=\"true\" class=\"fa-fw ti ti-zoom-in\"><\/i><\/span>\n\t\t\t\t\t\t\t\t\t\n\t\t\t\t\t\t\t\t\t\t\t\t\t\t\t<\/a>\n\t\t\t\t\t\t<\/div>\n\t\t\t\t\t\n\t\t\t\t\t\t\t\t\t<\/div>\n\t\t\t<\/div>\n\t\t<\/div>\n\t\t\t\t\t<\/div>\n\t\t\t\t\t\t\t\t\t<\/div>\n\n\t\t\t\n\t\t\t\t<div class=\"bdt-ep-advanced-image-gallery-item bdt-transition-toggle\">\n\t\t\t\t\t<div class=\"bdt-ep-advanced-image-gallery-inner bdt-image-mask\">\n\t\t\t\t\t\t<div class=\"bdt-ep-advanced-image-gallery-thumbnail bdt-transition-toggle\"><img loading=\"lazy\" decoding=\"async\" width=\"750\" height=\"499\" src=\"https:\/\/www.asenalu.com\/wp-content\/uploads\/2023\/06\/asen-paketleme-sevkiyat-3.jpg\" class=\"jgalleryImage\" alt=\"asen-paketleme-sevkiyat-3\" srcset=\"https:\/\/www.asenalu.com\/wp-content\/uploads\/2023\/06\/asen-paketleme-sevkiyat-3.jpg 750w, https:\/\/www.asenalu.com\/wp-content\/uploads\/2023\/06\/asen-paketleme-sevkiyat-3-300x200.jpg 300w, https:\/\/www.asenalu.com\/wp-content\/uploads\/2023\/06\/asen-paketleme-sevkiyat-3-650x432.jpg 650w\" sizes=\"(max-width: 750px) 100vw, 750px\" title=\"\"><\/div>\t\t<div class=\"bdt-position-cover bdt-overlay bdt-overlay-default bdt-transition-fade\">\n\t\t\t<div class=\"bdt-ep-advanced-image-gallery-content\">\n\t\t\t\t<div class=\"bdt-ep-advanced-image-gallery-content-inner\">\n\n\t\t\t\t\t\t\t\t\t\t\t\t\t\t\t\t<div class=\"bdt-flex-inline bdt-ep-advanced-image-gallery-item-link-wrapper\">\n\t\t\t\t\t\t\t<a class=\"bdt-ep-advanced-image-gallery-item-link elementor-clickable icon-type-icon\" data-elementor-open-lightbox=\"no\" data-caption=\"\" href=\"https:\/\/www.asenalu.com\/wp-content\/uploads\/2023\/06\/asen-paketleme-sevkiyat-3.jpg\">\n\t\t\t\t\t\t\t\t\n\t\t\t\t\t\t\t\t\t\t\t\t\t\t\t\t\t\t\t<span><i aria-hidden=\"true\" class=\"fa-fw ti ti-zoom-in\"><\/i><\/span>\n\t\t\t\t\t\t\t\t\t\n\t\t\t\t\t\t\t\t\t\t\t\t\t\t\t<\/a>\n\t\t\t\t\t\t<\/div>\n\t\t\t\t\t\n\t\t\t\t\t\t\t\t\t<\/div>\n\t\t\t<\/div>\n\t\t<\/div>\n\t\t\t\t\t<\/div>\n\t\t\t\t\t\t\t\t\t<\/div>\n\n\t\t\t\n\t\t\t\t<div class=\"bdt-ep-advanced-image-gallery-item bdt-transition-toggle\">\n\t\t\t\t\t<div class=\"bdt-ep-advanced-image-gallery-inner bdt-image-mask\">\n\t\t\t\t\t\t<div class=\"bdt-ep-advanced-image-gallery-thumbnail bdt-transition-toggle\"><img loading=\"lazy\" decoding=\"async\" width=\"700\" height=\"466\" src=\"https:\/\/www.asenalu.com\/wp-content\/uploads\/2023\/06\/asen-paketleme-sevkiyat-2.jpg\" class=\"jgalleryImage\" alt=\"asen-paketleme-sevkiyat-2\" srcset=\"https:\/\/www.asenalu.com\/wp-content\/uploads\/2023\/06\/asen-paketleme-sevkiyat-2.jpg 700w, https:\/\/www.asenalu.com\/wp-content\/uploads\/2023\/06\/asen-paketleme-sevkiyat-2-300x200.jpg 300w, https:\/\/www.asenalu.com\/wp-content\/uploads\/2023\/06\/asen-paketleme-sevkiyat-2-650x433.jpg 650w\" sizes=\"(max-width: 700px) 100vw, 700px\" title=\"\"><\/div>\t\t<div class=\"bdt-position-cover bdt-overlay bdt-overlay-default bdt-transition-fade\">\n\t\t\t<div class=\"bdt-ep-advanced-image-gallery-content\">\n\t\t\t\t<div class=\"bdt-ep-advanced-image-gallery-content-inner\">\n\n\t\t\t\t\t\t\t\t\t\t\t\t\t\t\t\t<div class=\"bdt-flex-inline bdt-ep-advanced-image-gallery-item-link-wrapper\">\n\t\t\t\t\t\t\t<a class=\"bdt-ep-advanced-image-gallery-item-link elementor-clickable icon-type-icon\" data-elementor-open-lightbox=\"no\" data-caption=\"\" href=\"https:\/\/www.asenalu.com\/wp-content\/uploads\/2023\/06\/asen-paketleme-sevkiyat-2.jpg\">\n\t\t\t\t\t\t\t\t\n\t\t\t\t\t\t\t\t\t\t\t\t\t\t\t\t\t\t\t<span><i aria-hidden=\"true\" class=\"fa-fw ti ti-zoom-in\"><\/i><\/span>\n\t\t\t\t\t\t\t\t\t\n\t\t\t\t\t\t\t\t\t\t\t\t\t\t\t<\/a>\n\t\t\t\t\t\t<\/div>\n\t\t\t\t\t\n\t\t\t\t\t\t\t\t\t<\/div>\n\t\t\t<\/div>\n\t\t<\/div>\n\t\t\t\t\t<\/div>\n\t\t\t\t\t\t\t\t\t<\/div>\n\n\t\t\t\t\t<\/div>\n\t\t\t\t\t<\/div>\n\t\t\t\t<\/div>\n\t\t\t\t\t<\/div>\n\t\t<\/div>\n\t\t\t\t\t<\/div>\n\t\t<\/section>\n\t\t\t\t<\/div>","protected":false},"excerpt":{"rendered":"<p>Asen Al\u00fcminyum, m\u00fc\u015fterilerine tam bir hizmet deneyimi sa\u011flamak i\u00e7in \u00f6zelle\u015ftirilmi\u015f paketleme ve sevkiyat hizmetleri sunmaktad\u0131r. Paketleme Hizmeti Asen Al\u00fcminyum, \u00fcr\u00fcnlerin kalitesini korumak [&hellip;]<\/p>\n","protected":false},"author":2,"featured_media":147,"parent":62,"menu_order":-3,"comment_status":"closed","ping_status":"closed","template":"","meta":{"footnotes":""},"class_list":["post-694","page","type-page","status-publish","has-post-thumbnail","hentry"],"_links":{"self":[{"href":"https:\/\/www.asenalu.com\/en\/wp-json\/wp\/v2\/pages\/694","targetHints":{"allow":["GET"]}}],"collection":[{"href":"https:\/\/www.asenalu.com\/en\/wp-json\/wp\/v2\/pages"}],"about":[{"href":"https:\/\/www.asenalu.com\/en\/wp-json\/wp\/v2\/types\/page"}],"author":[{"embeddable":true,"href":"https:\/\/www.asenalu.com\/en\/wp-json\/wp\/v2\/users\/2"}],"replies":[{"embeddable":true,"href":"https:\/\/www.asenalu.com\/en\/wp-json\/wp\/v2\/comments?post=694"}],"version-history":[{"count":0,"href":"https:\/\/www.asenalu.com\/en\/wp-json\/wp\/v2\/pages\/694\/revisions"}],"up":[{"embeddable":true,"href":"https:\/\/www.asenalu.com\/en\/wp-json\/wp\/v2\/pages\/62"}],"wp:featuredmedia":[{"embeddable":true,"href":"https:\/\/www.asenalu.com\/en\/wp-json\/wp\/v2\/media\/147"}],"wp:attachment":[{"href":"https:\/\/www.asenalu.com\/en\/wp-json\/wp\/v2\/media?parent=694"}],"curies":[{"name":"wp","href":"https:\/\/api.w.org\/{rel}","templated":true}]}}