{"id":710,"date":"2023-06-19T10:06:15","date_gmt":"2023-06-19T07:06:15","guid":{"rendered":"https:\/\/www.asenalu.com\/?page_id=710"},"modified":"2024-08-19T22:38:40","modified_gmt":"2024-08-19T19:38:40","slug":"otomotiv","status":"publish","type":"page","link":"https:\/\/www.asenalu.com\/en\/uygulamalar\/otomotiv\/","title":{"rendered":"Automotive Industry"},"content":{"rendered":"<div data-elementor-type=\"wp-page\" data-elementor-id=\"710\" class=\"elementor elementor-710\">\n\t\t\t\t\t\t<section class=\"elementor-section elementor-top-section elementor-element elementor-element-d11e6c4 elementor-section-boxed elementor-section-height-default elementor-section-height-default\" data-id=\"d11e6c4\" data-element_type=\"section\" data-e-type=\"section\">\n\t\t\t\t\t\t<div class=\"elementor-container elementor-column-gap-default\">\n\t\t\t\t\t<div class=\"elementor-column elementor-col-100 elementor-top-column elementor-element elementor-element-2924436\" data-id=\"2924436\" data-element_type=\"column\" data-e-type=\"column\">\n\t\t\t<div class=\"elementor-widget-wrap elementor-element-populated\">\n\t\t\t\t\t\t<div class=\"elementor-element elementor-element-c69ffc7 elementor-widget-tablet__width-inherit elementor-widget-mobile__width-inherit elementor-invisible elementor-widget elementor-widget-text-editor\" data-id=\"c69ffc7\" data-element_type=\"widget\" data-e-type=\"widget\" data-settings=\"{&quot;_animation&quot;:&quot;fadeInUp&quot;}\" data-widget_type=\"text-editor.default\">\n\t\t\t\t<div class=\"elementor-widget-container\">\n\t\t\t\t\t\t\t\t\t<p>As the automotive industry faces the challenge of reducing ever increasing energy consumption, the use of aluminium has become an important factor in this sector. The light weight of aluminium significantly reduces fuel consumption, thus lowering emissions.<\/p><p>In terms of safety, aluminium has also been critical because it has the ability to reduce inertia and absorb energy during impact.<\/p><p>These qualities, as well as resistance and aesthetic quality, make Asen Aluminium an excellent choice in vehicle manufacturing. With our customized aluminium solutions, we focus on meeting the sustainability, performance and safety needs of the automotive industry.<\/p><p>Our products are designed and manufactured to meet the industry's most stringent standards. Asen Al\u00fcminyum offers a wide range of products to meet the diverse requirements of the automotive industry and continue to consistently deliver innovative and high quality solutions.<\/p>\t\t\t\t\t\t\t\t<\/div>\n\t\t\t\t<\/div>\n\t\t\t\t<section class=\"elementor-section elementor-inner-section elementor-element elementor-element-1585bfa elementor-section-boxed elementor-section-height-default elementor-section-height-default\" data-id=\"1585bfa\" data-element_type=\"section\" data-e-type=\"section\">\n\t\t\t\t\t\t<div class=\"elementor-container elementor-column-gap-wide\">\n\t\t\t\t\t<div class=\"elementor-column elementor-col-20 elementor-inner-column elementor-element elementor-element-1763f0c\" data-id=\"1763f0c\" data-element_type=\"column\" data-e-type=\"column\">\n\t\t\t<div class=\"elementor-widget-wrap\">\n\t\t\t\t\t\t\t<\/div>\n\t\t<\/div>\n\t\t\t\t<div class=\"elementor-column elementor-col-20 elementor-inner-column elementor-element elementor-element-15e7e57\" data-id=\"15e7e57\" data-element_type=\"column\" data-e-type=\"column\">\n\t\t\t<div class=\"elementor-widget-wrap\">\n\t\t\t\t\t\t\t<\/div>\n\t\t<\/div>\n\t\t\t\t<div class=\"elementor-column elementor-col-20 elementor-inner-column elementor-element elementor-element-fc2829e\" data-id=\"fc2829e\" data-element_type=\"column\" data-e-type=\"column\">\n\t\t\t<div class=\"elementor-widget-wrap\">\n\t\t\t\t\t\t\t<\/div>\n\t\t<\/div>\n\t\t\t\t<div class=\"elementor-column elementor-col-20 elementor-inner-column elementor-element elementor-element-6cc714d\" data-id=\"6cc714d\" data-element_type=\"column\" data-e-type=\"column\">\n\t\t\t<div class=\"elementor-widget-wrap\">\n\t\t\t\t\t\t\t<\/div>\n\t\t<\/div>\n\t\t\t\t<div class=\"elementor-column elementor-col-20 elementor-inner-column elementor-element elementor-element-2b2d33b\" data-id=\"2b2d33b\" data-element_type=\"column\" data-e-type=\"column\">\n\t\t\t<div class=\"elementor-widget-wrap\">\n\t\t\t\t\t\t\t<\/div>\n\t\t<\/div>\n\t\t\t\t\t<\/div>\n\t\t<\/section>\n\t\t\t\t<section class=\"elementor-section elementor-inner-section elementor-element elementor-element-c6b49bf elementor-section-boxed elementor-section-height-default elementor-section-height-default\" data-id=\"c6b49bf\" data-element_type=\"section\" data-e-type=\"section\">\n\t\t\t\t\t\t<div class=\"elementor-container elementor-column-gap-wide\">\n\t\t\t\t\t<div class=\"elementor-column elementor-col-100 elementor-inner-column elementor-element elementor-element-883e3c1\" data-id=\"883e3c1\" data-element_type=\"column\" data-e-type=\"column\">\n\t\t\t<div class=\"elementor-widget-wrap\">\n\t\t\t\t\t\t\t<\/div>\n\t\t<\/div>\n\t\t\t\t\t<\/div>\n\t\t<\/section>\n\t\t\t\t\t<\/div>\n\t\t<\/div>\n\t\t\t\t\t<\/div>\n\t\t<\/section>\n\t\t\t\t<section class=\"elementor-section elementor-top-section elementor-element elementor-element-c3bf30f elementor-section-content-middle elementor-section-boxed elementor-section-height-default elementor-section-height-default\" data-id=\"c3bf30f\" data-element_type=\"section\" data-e-type=\"section\" id=\"ic-aksam\" data-settings=\"{&quot;background_background&quot;:&quot;classic&quot;}\">\n\t\t\t\t\t\t<div class=\"elementor-container elementor-column-gap-wide\">\n\t\t\t\t\t<div class=\"elementor-column elementor-col-50 elementor-top-column elementor-element elementor-element-25204c6\" data-id=\"25204c6\" data-element_type=\"column\" data-e-type=\"column\">\n\t\t\t<div class=\"elementor-widget-wrap elementor-element-populated\">\n\t\t\t\t\t\t<div class=\"elementor-element elementor-element-940bfae  ui-split-animate ui-splitby-chars elementor-widget elementor-widget-heading\" data-id=\"940bfae\" data-element_type=\"widget\" data-e-type=\"widget\" data-settings=\"{&quot;ui_animate_split&quot;:&quot;ui-split-animate&quot;,&quot;ui_animate_split_by&quot;:&quot;chars&quot;,&quot;ui_animate_split_style&quot;:&quot;fadeInUp&quot;}\" data-widget_type=\"heading.default\">\n\t\t\t\t<div class=\"elementor-widget-container\">\n\t\t\t\t\t<h3 class=\"elementor-heading-title elementor-size-default\">Aluminum <br>\nInterior Parts<\/h3>\t\t\t\t<\/div>\n\t\t\t\t<\/div>\n\t\t\t\t<div class=\"elementor-element elementor-element-d578297 elementor-widget__width-initial elementor-widget-tablet__width-inherit elementor-widget-mobile__width-inherit elementor-invisible elementor-widget elementor-widget-text-editor\" data-id=\"d578297\" data-element_type=\"widget\" data-e-type=\"widget\" data-settings=\"{&quot;_animation&quot;:&quot;fadeIn&quot;}\" data-widget_type=\"text-editor.default\">\n\t\t\t\t<div class=\"elementor-widget-container\">\n\t\t\t\t\t\t\t\t\t<p>Asen Al\u00fcminyum offers a range of customized interior solutions for the automotive industry, such as air ducts, lighting, trunk, door and window frames. These solutions are used to enhance the quality and functionality of the vehicle interior.<\/p><ul><li>Air Duct<\/li><li>Lighting<\/li><li>Luggage Door and Window Frame<\/li><\/ul>\t\t\t\t\t\t\t\t<\/div>\n\t\t\t\t<\/div>\n\t\t\t\t\t<\/div>\n\t\t<\/div>\n\t\t\t\t<div class=\"elementor-column elementor-col-50 elementor-top-column elementor-element elementor-element-2c76338\" data-id=\"2c76338\" data-element_type=\"column\" data-e-type=\"column\">\n\t\t\t<div class=\"elementor-widget-wrap elementor-element-populated\">\n\t\t\t\t\t\t<div class=\"elementor-element elementor-element-d9d1f31 elementor-invisible elementor-widget elementor-widget-image\" data-id=\"d9d1f31\" data-element_type=\"widget\" data-e-type=\"widget\" data-settings=\"{&quot;_animation&quot;:&quot;fadeInLeft&quot;}\" data-widget_type=\"image.default\">\n\t\t\t\t<div class=\"elementor-widget-container\">\n\t\t\t\t\t\t\t\t\t\t\t\t\t\t\t<img fetchpriority=\"high\" decoding=\"async\" width=\"1068\" height=\"1200\" src=\"https:\/\/www.asenalu.com\/wp-content\/uploads\/2023\/06\/asen-otomotiv-ic-aksam.png\" class=\"attachment-full size-full wp-image-731\" alt=\"\" srcset=\"https:\/\/www.asenalu.com\/wp-content\/uploads\/2023\/06\/asen-otomotiv-ic-aksam.png 1068w, https:\/\/www.asenalu.com\/wp-content\/uploads\/2023\/06\/asen-otomotiv-ic-aksam-267x300.png 267w, https:\/\/www.asenalu.com\/wp-content\/uploads\/2023\/06\/asen-otomotiv-ic-aksam-911x1024.png 911w, https:\/\/www.asenalu.com\/wp-content\/uploads\/2023\/06\/asen-otomotiv-ic-aksam-768x863.png 768w, https:\/\/www.asenalu.com\/wp-content\/uploads\/2023\/06\/asen-otomotiv-ic-aksam-579x650.png 579w\" sizes=\"(max-width: 1068px) 100vw, 1068px\" title=\"\">\t\t\t\t\t\t\t\t\t\t\t\t\t\t\t<\/div>\n\t\t\t\t<\/div>\n\t\t\t\t\t<\/div>\n\t\t<\/div>\n\t\t\t\t\t<\/div>\n\t\t<\/section>\n\t\t\t\t<section class=\"elementor-section elementor-top-section elementor-element elementor-element-cf89748 elementor-section-content-middle elementor-section-boxed elementor-section-height-default elementor-section-height-default\" data-id=\"cf89748\" data-element_type=\"section\" data-e-type=\"section\" id=\"dis-aksam\">\n\t\t\t\t\t\t<div class=\"elementor-container elementor-column-gap-wide\">\n\t\t\t\t\t<div class=\"elementor-column elementor-col-50 elementor-top-column elementor-element elementor-element-f9143f9\" data-id=\"f9143f9\" data-element_type=\"column\" data-e-type=\"column\">\n\t\t\t<div class=\"elementor-widget-wrap elementor-element-populated\">\n\t\t\t\t\t\t<div class=\"elementor-element elementor-element-7debd82 elementor-invisible elementor-widget elementor-widget-image\" data-id=\"7debd82\" data-element_type=\"widget\" data-e-type=\"widget\" data-settings=\"{&quot;_animation&quot;:&quot;fadeInLeft&quot;}\" data-widget_type=\"image.default\">\n\t\t\t\t<div class=\"elementor-widget-container\">\n\t\t\t\t\t\t\t\t\t\t\t\t\t\t\t<img decoding=\"async\" width=\"1068\" height=\"1200\" src=\"https:\/\/www.asenalu.com\/wp-content\/uploads\/2023\/06\/asen-otomotiv-dis-aksam.png\" class=\"attachment-full size-full wp-image-736\" alt=\"\" srcset=\"https:\/\/www.asenalu.com\/wp-content\/uploads\/2023\/06\/asen-otomotiv-dis-aksam.png 1068w, https:\/\/www.asenalu.com\/wp-content\/uploads\/2023\/06\/asen-otomotiv-dis-aksam-267x300.png 267w, https:\/\/www.asenalu.com\/wp-content\/uploads\/2023\/06\/asen-otomotiv-dis-aksam-911x1024.png 911w, https:\/\/www.asenalu.com\/wp-content\/uploads\/2023\/06\/asen-otomotiv-dis-aksam-768x863.png 768w, https:\/\/www.asenalu.com\/wp-content\/uploads\/2023\/06\/asen-otomotiv-dis-aksam-579x650.png 579w\" sizes=\"(max-width: 1068px) 100vw, 1068px\" title=\"\">\t\t\t\t\t\t\t\t\t\t\t\t\t\t\t<\/div>\n\t\t\t\t<\/div>\n\t\t\t\t\t<\/div>\n\t\t<\/div>\n\t\t\t\t<div class=\"elementor-column elementor-col-50 elementor-top-column elementor-element elementor-element-ad08e2b\" data-id=\"ad08e2b\" data-element_type=\"column\" data-e-type=\"column\">\n\t\t\t<div class=\"elementor-widget-wrap elementor-element-populated\">\n\t\t\t\t\t\t<div class=\"elementor-element elementor-element-846d027  ui-split-animate elementor-widget__width-initial ui-splitby-chars elementor-widget elementor-widget-heading\" data-id=\"846d027\" data-element_type=\"widget\" data-e-type=\"widget\" data-settings=\"{&quot;ui_animate_split&quot;:&quot;ui-split-animate&quot;,&quot;ui_animate_split_by&quot;:&quot;chars&quot;,&quot;ui_animate_split_style&quot;:&quot;fadeInUp&quot;}\" data-widget_type=\"heading.default\">\n\t\t\t\t<div class=\"elementor-widget-container\">\n\t\t\t\t\t<h3 class=\"elementor-heading-title elementor-size-default\">Aluminum <br>Exterior Parts<\/h3>\t\t\t\t<\/div>\n\t\t\t\t<\/div>\n\t\t\t\t<div class=\"elementor-element elementor-element-8f7c731 elementor-widget__width-initial elementor-widget-tablet__width-inherit elementor-widget-mobile__width-inherit elementor-invisible elementor-widget elementor-widget-text-editor\" data-id=\"8f7c731\" data-element_type=\"widget\" data-e-type=\"widget\" data-settings=\"{&quot;_animation&quot;:&quot;fadeIn&quot;}\" data-widget_type=\"text-editor.default\">\n\t\t\t\t<div class=\"elementor-widget-container\">\n\t\t\t\t\t\t\t\t\t<p>Asen Aluminium manufactures a variety of automotive exterior components including V362-V363 Active and Trail Running Board, Port Luggage, and Trailer Applications.<\/p><ul><li>V362-V363 Active and Trail Running Board<\/li><li>Port Luggage<\/li><li>Trailer Applications<\/li><\/ul>\t\t\t\t\t\t\t\t<\/div>\n\t\t\t\t<\/div>\n\t\t\t\t\t<\/div>\n\t\t<\/div>\n\t\t\t\t\t<\/div>\n\t\t<\/section>\n\t\t\t\t<section class=\"elementor-section elementor-top-section elementor-element elementor-element-2cc1fea elementor-section-content-middle elementor-section-boxed elementor-section-height-default elementor-section-height-default\" data-id=\"2cc1fea\" data-element_type=\"section\" data-e-type=\"section\" id=\"crash-management\" data-settings=\"{&quot;background_background&quot;:&quot;classic&quot;}\">\n\t\t\t\t\t\t<div class=\"elementor-container elementor-column-gap-wide\">\n\t\t\t\t\t<div class=\"elementor-column elementor-col-50 elementor-top-column elementor-element elementor-element-206ec5a\" data-id=\"206ec5a\" data-element_type=\"column\" data-e-type=\"column\">\n\t\t\t<div class=\"elementor-widget-wrap elementor-element-populated\">\n\t\t\t\t\t\t<div class=\"elementor-element elementor-element-3befe86  ui-split-animate ui-splitby-chars elementor-widget elementor-widget-heading\" data-id=\"3befe86\" data-element_type=\"widget\" data-e-type=\"widget\" data-settings=\"{&quot;ui_animate_split&quot;:&quot;ui-split-animate&quot;,&quot;ui_animate_split_by&quot;:&quot;chars&quot;,&quot;ui_animate_split_style&quot;:&quot;fadeInUp&quot;}\" data-widget_type=\"heading.default\">\n\t\t\t\t<div class=\"elementor-widget-container\">\n\t\t\t\t\t<h3 class=\"elementor-heading-title elementor-size-default\">Crash Management Systems<\/h3>\t\t\t\t<\/div>\n\t\t\t\t<\/div>\n\t\t\t\t<div class=\"elementor-element elementor-element-7091b6d elementor-widget__width-initial elementor-widget-tablet__width-inherit elementor-widget-mobile__width-inherit elementor-invisible elementor-widget elementor-widget-text-editor\" data-id=\"7091b6d\" data-element_type=\"widget\" data-e-type=\"widget\" data-settings=\"{&quot;_animation&quot;:&quot;fadeIn&quot;}\" data-widget_type=\"text-editor.default\">\n\t\t\t\t<div class=\"elementor-widget-container\">\n\t\t\t\t\t\t\t\t\t<p>Asen Al\u00fcminyum offers various crash management systems such as bumpers and crash-boxes for the automotive industry. These systems are developed to reduce the impact of accidents and increase the safety of drivers and passengers.<\/p><p>With 6082, 6005, 6060 alloys, we produce C20\/24\/28 class profiles that meet all the requirements of TL-116-EN with high class strength values expected by German vehicle manufacturers.<\/p>\t\t\t\t\t\t\t\t<\/div>\n\t\t\t\t<\/div>\n\t\t\t\t\t<\/div>\n\t\t<\/div>\n\t\t\t\t<div class=\"elementor-column elementor-col-50 elementor-top-column elementor-element elementor-element-2b3c88c\" data-id=\"2b3c88c\" data-element_type=\"column\" data-e-type=\"column\">\n\t\t\t<div class=\"elementor-widget-wrap elementor-element-populated\">\n\t\t\t\t\t\t<div class=\"elementor-element elementor-element-ec5f156 elementor-invisible elementor-widget elementor-widget-image\" data-id=\"ec5f156\" data-element_type=\"widget\" data-e-type=\"widget\" data-settings=\"{&quot;_animation&quot;:&quot;fadeInLeft&quot;}\" data-widget_type=\"image.default\">\n\t\t\t\t<div class=\"elementor-widget-container\">\n\t\t\t\t\t\t\t\t\t\t\t\t\t\t\t<img decoding=\"async\" width=\"1068\" height=\"1200\" src=\"https:\/\/www.asenalu.com\/wp-content\/uploads\/2023\/06\/asen-crash-management-systems.png\" class=\"attachment-full size-full wp-image-737\" alt=\"\" srcset=\"https:\/\/www.asenalu.com\/wp-content\/uploads\/2023\/06\/asen-crash-management-systems.png 1068w, https:\/\/www.asenalu.com\/wp-content\/uploads\/2023\/06\/asen-crash-management-systems-267x300.png 267w, https:\/\/www.asenalu.com\/wp-content\/uploads\/2023\/06\/asen-crash-management-systems-911x1024.png 911w, https:\/\/www.asenalu.com\/wp-content\/uploads\/2023\/06\/asen-crash-management-systems-768x863.png 768w, https:\/\/www.asenalu.com\/wp-content\/uploads\/2023\/06\/asen-crash-management-systems-579x650.png 579w\" sizes=\"(max-width: 1068px) 100vw, 1068px\" title=\"\">\t\t\t\t\t\t\t\t\t\t\t\t\t\t\t<\/div>\n\t\t\t\t<\/div>\n\t\t\t\t\t<\/div>\n\t\t<\/div>\n\t\t\t\t\t<\/div>\n\t\t<\/section>\n\t\t\t\t<section class=\"elementor-section elementor-top-section elementor-element elementor-element-7404dcf elementor-section-content-middle elementor-section-boxed elementor-section-height-default elementor-section-height-default\" data-id=\"7404dcf\" data-element_type=\"section\" data-e-type=\"section\" id=\"anti-vibration\" data-settings=\"{&quot;background_background&quot;:&quot;classic&quot;}\">\n\t\t\t\t\t\t<div class=\"elementor-container elementor-column-gap-wide\">\n\t\t\t\t\t<div class=\"elementor-column elementor-col-50 elementor-top-column elementor-element elementor-element-eec67b2\" data-id=\"eec67b2\" data-element_type=\"column\" data-e-type=\"column\">\n\t\t\t<div class=\"elementor-widget-wrap elementor-element-populated\">\n\t\t\t\t\t\t<div class=\"elementor-element elementor-element-bdaf857 elementor-invisible elementor-widget elementor-widget-image\" data-id=\"bdaf857\" data-element_type=\"widget\" data-e-type=\"widget\" data-settings=\"{&quot;_animation&quot;:&quot;fadeInLeft&quot;}\" data-widget_type=\"image.default\">\n\t\t\t\t<div class=\"elementor-widget-container\">\n\t\t\t\t\t\t\t\t\t\t\t\t\t\t\t<img loading=\"lazy\" decoding=\"async\" width=\"1068\" height=\"1200\" src=\"https:\/\/www.asenalu.com\/wp-content\/uploads\/2023\/06\/asen-anti-vibration-profiles.png\" class=\"attachment-full size-full wp-image-742\" alt=\"\" srcset=\"https:\/\/www.asenalu.com\/wp-content\/uploads\/2023\/06\/asen-anti-vibration-profiles.png 1068w, https:\/\/www.asenalu.com\/wp-content\/uploads\/2023\/06\/asen-anti-vibration-profiles-267x300.png 267w, https:\/\/www.asenalu.com\/wp-content\/uploads\/2023\/06\/asen-anti-vibration-profiles-911x1024.png 911w, https:\/\/www.asenalu.com\/wp-content\/uploads\/2023\/06\/asen-anti-vibration-profiles-768x863.png 768w, https:\/\/www.asenalu.com\/wp-content\/uploads\/2023\/06\/asen-anti-vibration-profiles-579x650.png 579w\" sizes=\"(max-width: 1068px) 100vw, 1068px\" title=\"\">\t\t\t\t\t\t\t\t\t\t\t\t\t\t\t<\/div>\n\t\t\t\t<\/div>\n\t\t\t\t\t<\/div>\n\t\t<\/div>\n\t\t\t\t<div class=\"elementor-column elementor-col-50 elementor-top-column elementor-element elementor-element-5f62170\" data-id=\"5f62170\" data-element_type=\"column\" data-e-type=\"column\">\n\t\t\t<div class=\"elementor-widget-wrap elementor-element-populated\">\n\t\t\t\t\t\t<div class=\"elementor-element elementor-element-9578cd7  ui-split-animate elementor-widget__width-initial ui-splitby-chars elementor-widget elementor-widget-heading\" data-id=\"9578cd7\" data-element_type=\"widget\" data-e-type=\"widget\" data-settings=\"{&quot;ui_animate_split&quot;:&quot;ui-split-animate&quot;,&quot;ui_animate_split_by&quot;:&quot;chars&quot;,&quot;ui_animate_split_style&quot;:&quot;fadeInUp&quot;}\" data-widget_type=\"heading.default\">\n\t\t\t\t<div class=\"elementor-widget-container\">\n\t\t\t\t\t<h3 class=\"elementor-heading-title elementor-size-default\">Anti Vibration <br>Profiles<\/h3>\t\t\t\t<\/div>\n\t\t\t\t<\/div>\n\t\t\t\t<div class=\"elementor-element elementor-element-eaca924 elementor-widget__width-initial elementor-widget-tablet__width-inherit elementor-widget-mobile__width-inherit elementor-invisible elementor-widget elementor-widget-text-editor\" data-id=\"eaca924\" data-element_type=\"widget\" data-e-type=\"widget\" data-settings=\"{&quot;_animation&quot;:&quot;fadeIn&quot;}\" data-widget_type=\"text-editor.default\">\n\t\t\t\t<div class=\"elementor-widget-container\">\n\t\t\t\t\t\t\t\t\t<p>Asen Aluminium offers a range of profile solutions that help reduce vibrations. These profiles are used to improve ride comfort and reduce noise inside the vehicle.<\/p>\t\t\t\t\t\t\t\t<\/div>\n\t\t\t\t<\/div>\n\t\t\t\t\t<\/div>\n\t\t<\/div>\n\t\t\t\t\t<\/div>\n\t\t<\/section>\n\t\t\t\t<section class=\"elementor-section elementor-top-section elementor-element elementor-element-9f0793f elementor-section-content-middle elementor-section-boxed elementor-section-height-default elementor-section-height-default\" data-id=\"9f0793f\" data-element_type=\"section\" data-e-type=\"section\" id=\"ev\" data-settings=\"{&quot;background_background&quot;:&quot;classic&quot;}\">\n\t\t\t\t\t\t<div class=\"elementor-container elementor-column-gap-wide\">\n\t\t\t\t\t<div class=\"elementor-column elementor-col-50 elementor-top-column elementor-element elementor-element-b0cf1c5\" data-id=\"b0cf1c5\" data-element_type=\"column\" data-e-type=\"column\">\n\t\t\t<div class=\"elementor-widget-wrap elementor-element-populated\">\n\t\t\t\t\t\t<div class=\"elementor-element elementor-element-0080de5  ui-split-animate ui-splitby-chars elementor-widget elementor-widget-heading\" data-id=\"0080de5\" data-element_type=\"widget\" data-e-type=\"widget\" data-settings=\"{&quot;ui_animate_split&quot;:&quot;ui-split-animate&quot;,&quot;ui_animate_split_by&quot;:&quot;chars&quot;,&quot;ui_animate_split_style&quot;:&quot;fadeInUp&quot;}\" data-widget_type=\"heading.default\">\n\t\t\t\t<div class=\"elementor-widget-container\">\n\t\t\t\t\t<h3 class=\"elementor-heading-title elementor-size-default\">Battery Tray and <br>Modular Chassis Systems<\/h3>\t\t\t\t<\/div>\n\t\t\t\t<\/div>\n\t\t\t\t<div class=\"elementor-element elementor-element-acca943 elementor-widget__width-initial elementor-widget-tablet__width-inherit elementor-widget-mobile__width-inherit elementor-invisible elementor-widget elementor-widget-text-editor\" data-id=\"acca943\" data-element_type=\"widget\" data-e-type=\"widget\" data-settings=\"{&quot;_animation&quot;:&quot;fadeIn&quot;}\" data-widget_type=\"text-editor.default\">\n\t\t\t\t<div class=\"elementor-widget-container\">\n\t\t\t\t\t\t\t\t\t<p>High-quality solutions for the battery carrier systems of electric vehicles (EV). These components ensure safe and efficient battery operation.<\/p><p>Using 6005, 6005A, 6082, 6063 and special alloys, we can produce complex profiles in different wall thicknesses with tight linearity tolerances.<\/p>\t\t\t\t\t\t\t\t<\/div>\n\t\t\t\t<\/div>\n\t\t\t\t\t<\/div>\n\t\t<\/div>\n\t\t\t\t<div class=\"elementor-column elementor-col-50 elementor-top-column elementor-element elementor-element-fc6e9ca\" data-id=\"fc6e9ca\" data-element_type=\"column\" data-e-type=\"column\">\n\t\t\t<div class=\"elementor-widget-wrap elementor-element-populated\">\n\t\t\t\t\t\t<div class=\"elementor-element elementor-element-06dac0a elementor-invisible elementor-widget elementor-widget-image\" data-id=\"06dac0a\" data-element_type=\"widget\" data-e-type=\"widget\" data-settings=\"{&quot;_animation&quot;:&quot;fadeInLeft&quot;}\" data-widget_type=\"image.default\">\n\t\t\t\t<div class=\"elementor-widget-container\">\n\t\t\t\t\t\t\t\t\t\t\t\t\t\t\t<img loading=\"lazy\" decoding=\"async\" width=\"1068\" height=\"1200\" src=\"https:\/\/www.asenalu.com\/wp-content\/uploads\/2023\/06\/asen-ev-battery-tray.png\" class=\"attachment-full size-full wp-image-743\" alt=\"\" srcset=\"https:\/\/www.asenalu.com\/wp-content\/uploads\/2023\/06\/asen-ev-battery-tray.png 1068w, https:\/\/www.asenalu.com\/wp-content\/uploads\/2023\/06\/asen-ev-battery-tray-267x300.png 267w, https:\/\/www.asenalu.com\/wp-content\/uploads\/2023\/06\/asen-ev-battery-tray-911x1024.png 911w, https:\/\/www.asenalu.com\/wp-content\/uploads\/2023\/06\/asen-ev-battery-tray-768x863.png 768w, https:\/\/www.asenalu.com\/wp-content\/uploads\/2023\/06\/asen-ev-battery-tray-579x650.png 579w\" sizes=\"(max-width: 1068px) 100vw, 1068px\" title=\"\">\t\t\t\t\t\t\t\t\t\t\t\t\t\t\t<\/div>\n\t\t\t\t<\/div>\n\t\t\t\t\t<\/div>\n\t\t<\/div>\n\t\t\t\t\t<\/div>\n\t\t<\/section>\n\t\t\t\t<\/div>","protected":false},"excerpt":{"rendered":"<p>Otomotiv Sekt\u00f6r\u00fcne Y\u00f6nelik Uygulamalar Otomotiv end\u00fcstrisi, giderek artan enerji t\u00fcketimini azaltma zorlu\u011fuyla kar\u015f\u0131 kar\u015f\u0131ya kal\u0131rken, al\u00fcminyumun kullan\u0131m\u0131 bu sekt\u00f6rdeki \u00f6nemli bir fakt\u00f6r [&hellip;]<\/p>\n","protected":false},"author":2,"featured_media":147,"parent":712,"menu_order":-3,"comment_status":"closed","ping_status":"closed","template":"","meta":{"footnotes":""},"class_list":["post-710","page","type-page","status-publish","has-post-thumbnail","hentry"],"_links":{"self":[{"href":"https:\/\/www.asenalu.com\/en\/wp-json\/wp\/v2\/pages\/710","targetHints":{"allow":["GET"]}}],"collection":[{"href":"https:\/\/www.asenalu.com\/en\/wp-json\/wp\/v2\/pages"}],"about":[{"href":"https:\/\/www.asenalu.com\/en\/wp-json\/wp\/v2\/types\/page"}],"author":[{"embeddable":true,"href":"https:\/\/www.asenalu.com\/en\/wp-json\/wp\/v2\/users\/2"}],"replies":[{"embeddable":true,"href":"https:\/\/www.asenalu.com\/en\/wp-json\/wp\/v2\/comments?post=710"}],"version-history":[{"count":25,"href":"https:\/\/www.asenalu.com\/en\/wp-json\/wp\/v2\/pages\/710\/revisions"}],"predecessor-version":[{"id":1121,"href":"https:\/\/www.asenalu.com\/en\/wp-json\/wp\/v2\/pages\/710\/revisions\/1121"}],"up":[{"embeddable":true,"href":"https:\/\/www.asenalu.com\/en\/wp-json\/wp\/v2\/pages\/712"}],"wp:featuredmedia":[{"embeddable":true,"href":"https:\/\/www.asenalu.com\/en\/wp-json\/wp\/v2\/media\/147"}],"wp:attachment":[{"href":"https:\/\/www.asenalu.com\/en\/wp-json\/wp\/v2\/media?parent=710"}],"curies":[{"name":"wp","href":"https:\/\/api.w.org\/{rel}","templated":true}]}}