{"id":785,"date":"2023-06-19T12:40:20","date_gmt":"2023-06-19T09:40:20","guid":{"rendered":"https:\/\/www.asenalu.com\/?page_id=785"},"modified":"2023-07-18T11:49:13","modified_gmt":"2023-07-18T08:49:13","slug":"surdurulebilirlik","status":"publish","type":"page","link":"https:\/\/www.asenalu.com\/en\/surdurulebilirlik\/","title":{"rendered":"Sustainability"},"content":{"rendered":"<div data-elementor-type=\"wp-page\" data-elementor-id=\"785\" class=\"elementor elementor-785\">\n\t\t\t\t\t\t<section class=\"elementor-section elementor-top-section elementor-element elementor-element-4e20fcd elementor-section-boxed elementor-section-height-default elementor-section-height-default\" data-id=\"4e20fcd\" data-element_type=\"section\" data-e-type=\"section\">\n\t\t\t\t\t\t<div class=\"elementor-container elementor-column-gap-default\">\n\t\t\t\t\t<div class=\"elementor-column elementor-col-100 elementor-top-column elementor-element elementor-element-295854f\" data-id=\"295854f\" data-element_type=\"column\" data-e-type=\"column\" data-settings=\"{&quot;background_background&quot;:&quot;classic&quot;}\">\n\t\t\t<div class=\"elementor-widget-wrap elementor-element-populated\">\n\t\t\t\t\t\t<div class=\"elementor-element elementor-element-16a3b17 elementor-widget__width-initial elementor-widget-tablet__width-inherit elementor-widget-mobile__width-inherit  ui-split-animate ui-splitby-chars elementor-widget elementor-widget-heading\" data-id=\"16a3b17\" data-element_type=\"widget\" data-e-type=\"widget\" data-settings=\"{&quot;ui_animate_split&quot;:&quot;ui-split-animate&quot;,&quot;ui_animate_split_by&quot;:&quot;chars&quot;,&quot;ui_animate_split_style&quot;:&quot;fadeInUp&quot;}\" data-widget_type=\"heading.default\">\n\t\t\t\t<div class=\"elementor-widget-container\">\n\t\t\t\t\t<h2 class=\"elementor-heading-title elementor-size-default\">Asen Supports Sustainable Production<\/h2>\t\t\t\t<\/div>\n\t\t\t\t<\/div>\n\t\t\t\t<div class=\"elementor-element elementor-element-e71e055 elementor-widget-mobile__width-initial elementor-invisible elementor-widget elementor-widget-text-editor\" data-id=\"e71e055\" data-element_type=\"widget\" data-e-type=\"widget\" data-settings=\"{&quot;_animation&quot;:&quot;fadeInUp&quot;,&quot;_animation_delay&quot;:300}\" data-widget_type=\"text-editor.default\">\n\t\t\t\t<div class=\"elementor-widget-container\">\n\t\t\t\t\t\t\t\t\tOur operations support and promote sustainable development, thus making a significant contribution to environmental protection and resource conservation. Driven by our values of openness, innovation, performance and continuity, Asen is committed to sustainable business operations. Our employees also support our core values and are key to their implementation.\t\t\t\t\t\t\t\t<\/div>\n\t\t\t\t<\/div>\n\t\t\t\t<div class=\"elementor-element elementor-element-71fcae7 elementor-widget elementor-widget-bdt-table\" data-id=\"71fcae7\" data-element_type=\"widget\" data-e-type=\"widget\" data-widget_type=\"bdt-table.default\">\n\t\t\t\t<div class=\"elementor-widget-container\">\n\t\t\t\t\t        <div class=\"bdt-table bdt-table-default-responsive\" id=\"bdt-table-71fcae7\">\n\n\n            <table width=\"748\">\n<thead>\n<tr>\n<th width=\"374\"><b>Where are we?<\/b><\/th>\n<th width=\"374\"><b>Vision of 2030<\/b><\/th>\n<\/tr>\n<\/thead>\n<tbody>\n<tr>\n<td width=\"374\">Scope 1 + 2 0.32 tCO2\/ton<\/td>\n<td width=\"374\">Scope 1 + 2  &lt; 0,32 tC02 \/ ton<\/td>\n<\/tr>\n<tr>\n<td width=\"374\">40% of energy consumption is provided by solar<\/td>\n<td width=\"374\">More than 70% of energy consumption will be covered by solar<\/td>\n<\/tr>\n<tr>\n<td width=\"374\">Reduced 40% of water consumption<\/td>\n<td width=\"374\">More than 60% of water consumption will be reduced<\/td>\n<\/tr>\n<tr>\n<td width=\"374\">ISO 5001<\/td>\n<td width=\"374\"><\/td>\n<\/tr>\n<tr>\n<td width=\"374\">ASI Certificate (Target date-2024)<\/td>\n<td width=\"374\"><\/td>\n<\/tr>\n<\/tbody>\n<\/table>\n        <\/div>\n\t\t\t\t<\/div>\n\t\t\t\t<\/div>\n\t\t\t\t<section class=\"elementor-section elementor-inner-section elementor-element elementor-element-4aac820 elementor-section-boxed elementor-section-height-default elementor-section-height-default\" data-id=\"4aac820\" data-element_type=\"section\" data-e-type=\"section\">\n\t\t\t\t\t\t<div class=\"elementor-container elementor-column-gap-default\">\n\t\t\t\t\t<div class=\"elementor-column elementor-col-50 elementor-inner-column elementor-element elementor-element-15efc69\" data-id=\"15efc69\" data-element_type=\"column\" data-e-type=\"column\">\n\t\t\t<div class=\"elementor-widget-wrap\">\n\t\t\t\t\t\t\t<\/div>\n\t\t<\/div>\n\t\t\t\t<div class=\"elementor-column elementor-col-50 elementor-inner-column elementor-element elementor-element-95483dd\" data-id=\"95483dd\" data-element_type=\"column\" data-e-type=\"column\">\n\t\t\t<div class=\"elementor-widget-wrap\">\n\t\t\t\t\t\t\t<\/div>\n\t\t<\/div>\n\t\t\t\t\t<\/div>\n\t\t<\/section>\n\t\t\t\t\t<\/div>\n\t\t<\/div>\n\t\t\t\t\t<\/div>\n\t\t<\/section>\n\t\t\t\t<div class=\"elementor-section elementor-top-section elementor-element elementor-element-ddc5346 elementor-section-content-middle elementor-section-boxed elementor-section-height-default elementor-section-height-default\" data-id=\"ddc5346\" data-element_type=\"section\" data-e-type=\"section\">\n\t\t\t\t\t\t<div class=\"elementor-container elementor-column-gap-wider\">\n\t\t\t\t\t<div class=\"elementor-column elementor-col-50 elementor-top-column elementor-element elementor-element-f7b60ea\" data-id=\"f7b60ea\" data-element_type=\"column\" data-e-type=\"column\">\n\t\t\t<div class=\"elementor-widget-wrap elementor-element-populated\">\n\t\t\t\t\t\t<div class=\"elementor-element elementor-element-a432221 elementor-invisible elementor-widget elementor-widget-image\" data-id=\"a432221\" data-element_type=\"widget\" data-e-type=\"widget\" data-settings=\"{&quot;_animation&quot;:&quot;fadeInLeft&quot;}\" data-widget_type=\"image.default\">\n\t\t\t\t<div class=\"elementor-widget-container\">\n\t\t\t\t\t\t\t\t\t\t\t\t\t\t\t<img fetchpriority=\"high\" decoding=\"async\" width=\"1080\" height=\"1080\" src=\"https:\/\/www.asenalu.com\/wp-content\/uploads\/2023\/06\/asen-ges.jpg\" class=\"attachment-full size-full wp-image-791\" alt=\"\" srcset=\"https:\/\/www.asenalu.com\/wp-content\/uploads\/2023\/06\/asen-ges.jpg 1080w, https:\/\/www.asenalu.com\/wp-content\/uploads\/2023\/06\/asen-ges-300x300.jpg 300w, https:\/\/www.asenalu.com\/wp-content\/uploads\/2023\/06\/asen-ges-1024x1024.jpg 1024w, https:\/\/www.asenalu.com\/wp-content\/uploads\/2023\/06\/asen-ges-150x150.jpg 150w, https:\/\/www.asenalu.com\/wp-content\/uploads\/2023\/06\/asen-ges-768x768.jpg 768w, https:\/\/www.asenalu.com\/wp-content\/uploads\/2023\/06\/asen-ges-650x650.jpg 650w\" sizes=\"(max-width: 1080px) 100vw, 1080px\" title=\"\">\t\t\t\t\t\t\t\t\t\t\t\t\t\t\t<\/div>\n\t\t\t\t<\/div>\n\t\t\t\t\t<\/div>\n\t\t<\/div>\n\t\t\t\t<div class=\"elementor-column elementor-col-50 elementor-top-column elementor-element elementor-element-4c8c49d\" data-id=\"4c8c49d\" data-element_type=\"column\" data-e-type=\"column\">\n\t\t\t<div class=\"elementor-widget-wrap elementor-element-populated\">\n\t\t\t\t\t\t<div class=\"elementor-element elementor-element-71ec5d5  ui-split-animate elementor-widget__width-initial ui-splitby-chars elementor-widget elementor-widget-heading\" data-id=\"71ec5d5\" data-element_type=\"widget\" data-e-type=\"widget\" data-settings=\"{&quot;ui_animate_split&quot;:&quot;ui-split-animate&quot;,&quot;ui_animate_split_by&quot;:&quot;chars&quot;,&quot;ui_animate_split_style&quot;:&quot;fadeInUp&quot;}\" data-widget_type=\"heading.default\">\n\t\t\t\t<div class=\"elementor-widget-container\">\n\t\t\t\t\t<h2 class=\"elementor-heading-title elementor-size-default\">Solar Power Plant<\/h2>\t\t\t\t<\/div>\n\t\t\t\t<\/div>\n\t\t\t\t<div class=\"elementor-element elementor-element-f7fc10a elementor-widget-mobile__width-initial elementor-widget__width-initial elementor-invisible elementor-widget elementor-widget-text-editor\" data-id=\"f7fc10a\" data-element_type=\"widget\" data-e-type=\"widget\" data-settings=\"{&quot;_animation&quot;:&quot;fadeInUp&quot;}\" data-widget_type=\"text-editor.default\">\n\t\t\t\t<div class=\"elementor-widget-container\">\n\t\t\t\t\t\t\t\t\t<p>Our renewable energy project, which aims to reduce the carbon footprint and contribute to energy efficient production, was started to be assembled and commissioned as of May 2023.<\/p><p>With 3,698 solar panels installed, the power plant will have an annual production capacity of 1.7 megawatts and meet approximately 40% of the facility's needs.<\/p>\t\t\t\t\t\t\t\t<\/div>\n\t\t\t\t<\/div>\n\t\t\t\t\t<\/div>\n\t\t<\/div>\n\t\t\t\t\t<\/div>\n\t\t<\/div>\n\t\t\t\t<section class=\"elementor-section elementor-top-section elementor-element elementor-element-3a3c862 elementor-section-content-middle elementor-section-boxed elementor-section-height-default elementor-section-height-default\" data-id=\"3a3c862\" data-element_type=\"section\" data-e-type=\"section\" data-settings=\"{&quot;background_background&quot;:&quot;classic&quot;}\">\n\t\t\t\t\t\t<div class=\"elementor-container elementor-column-gap-wide\">\n\t\t\t\t\t<div class=\"elementor-column elementor-col-50 elementor-top-column elementor-element elementor-element-25b8466\" data-id=\"25b8466\" data-element_type=\"column\" data-e-type=\"column\">\n\t\t\t<div class=\"elementor-widget-wrap elementor-element-populated\">\n\t\t\t\t\t\t<div class=\"elementor-element elementor-element-b3c1675  ui-split-animate ui-splitby-chars elementor-widget elementor-widget-heading\" data-id=\"b3c1675\" data-element_type=\"widget\" data-e-type=\"widget\" data-settings=\"{&quot;ui_animate_split&quot;:&quot;ui-split-animate&quot;,&quot;ui_animate_split_by&quot;:&quot;chars&quot;,&quot;ui_animate_split_style&quot;:&quot;fadeInUp&quot;}\" data-widget_type=\"heading.default\">\n\t\t\t\t<div class=\"elementor-widget-container\">\n\t\t\t\t\t<h2 class=\"elementor-heading-title elementor-size-default\">Recycling Rainwater<\/h2>\t\t\t\t<\/div>\n\t\t\t\t<\/div>\n\t\t\t\t<div class=\"elementor-element elementor-element-35bbce1 elementor-widget__width-initial elementor-invisible elementor-widget elementor-widget-text-editor\" data-id=\"35bbce1\" data-element_type=\"widget\" data-e-type=\"widget\" data-settings=\"{&quot;_animation&quot;:&quot;fadeInUp&quot;}\" data-widget_type=\"text-editor.default\">\n\t\t\t\t<div class=\"elementor-widget-container\">\n\t\t\t\t\t\t\t\t\t<p>Annual process water consumption was reduced by 50% thanks to a system that collects and filters rainwater on the factory roof.<\/p>\t\t\t\t\t\t\t\t<\/div>\n\t\t\t\t<\/div>\n\t\t\t\t\t<\/div>\n\t\t<\/div>\n\t\t\t\t<div class=\"elementor-column elementor-col-50 elementor-top-column elementor-element elementor-element-ff0329e\" data-id=\"ff0329e\" data-element_type=\"column\" data-e-type=\"column\">\n\t\t\t<div class=\"elementor-widget-wrap elementor-element-populated\">\n\t\t\t\t\t\t<div class=\"elementor-element elementor-element-8d50f73 elementor-invisible elementor-widget elementor-widget-image\" data-id=\"8d50f73\" data-element_type=\"widget\" data-e-type=\"widget\" data-settings=\"{&quot;_animation&quot;:&quot;fadeInRight&quot;}\" data-widget_type=\"image.default\">\n\t\t\t\t<div class=\"elementor-widget-container\">\n\t\t\t\t\t\t\t\t\t\t\t\t\t\t\t<img decoding=\"async\" width=\"1080\" height=\"1080\" src=\"https:\/\/www.asenalu.com\/wp-content\/uploads\/2023\/06\/asen-yagmur-suyu-geri-donusumu.jpg\" class=\"attachment-full size-full wp-image-790\" alt=\"\" srcset=\"https:\/\/www.asenalu.com\/wp-content\/uploads\/2023\/06\/asen-yagmur-suyu-geri-donusumu.jpg 1080w, https:\/\/www.asenalu.com\/wp-content\/uploads\/2023\/06\/asen-yagmur-suyu-geri-donusumu-300x300.jpg 300w, https:\/\/www.asenalu.com\/wp-content\/uploads\/2023\/06\/asen-yagmur-suyu-geri-donusumu-1024x1024.jpg 1024w, https:\/\/www.asenalu.com\/wp-content\/uploads\/2023\/06\/asen-yagmur-suyu-geri-donusumu-150x150.jpg 150w, https:\/\/www.asenalu.com\/wp-content\/uploads\/2023\/06\/asen-yagmur-suyu-geri-donusumu-768x768.jpg 768w, https:\/\/www.asenalu.com\/wp-content\/uploads\/2023\/06\/asen-yagmur-suyu-geri-donusumu-650x650.jpg 650w\" sizes=\"(max-width: 1080px) 100vw, 1080px\" title=\"\">\t\t\t\t\t\t\t\t\t\t\t\t\t\t\t<\/div>\n\t\t\t\t<\/div>\n\t\t\t\t\t<\/div>\n\t\t<\/div>\n\t\t\t\t\t<\/div>\n\t\t<\/section>\n\t\t\t\t<div class=\"elementor-section elementor-top-section elementor-element elementor-element-559da76 elementor-section-content-middle elementor-section-boxed elementor-section-height-default elementor-section-height-default\" data-id=\"559da76\" data-element_type=\"section\" data-e-type=\"section\">\n\t\t\t\t\t\t<div class=\"elementor-container elementor-column-gap-wider\">\n\t\t\t\t\t<div class=\"elementor-column elementor-col-50 elementor-top-column elementor-element elementor-element-44e47f1\" data-id=\"44e47f1\" data-element_type=\"column\" data-e-type=\"column\">\n\t\t\t<div class=\"elementor-widget-wrap elementor-element-populated\">\n\t\t\t\t\t\t<div class=\"elementor-element elementor-element-a4f62d6 elementor-invisible elementor-widget elementor-widget-image\" data-id=\"a4f62d6\" data-element_type=\"widget\" data-e-type=\"widget\" data-settings=\"{&quot;_animation&quot;:&quot;fadeInLeft&quot;}\" data-widget_type=\"image.default\">\n\t\t\t\t<div class=\"elementor-widget-container\">\n\t\t\t\t\t\t\t\t\t\t\t\t\t\t\t<img decoding=\"async\" width=\"1000\" height=\"1000\" src=\"https:\/\/www.asenalu.com\/wp-content\/uploads\/2023\/06\/asen-iso-14064-1-1024x1024.jpg\" class=\"attachment-large size-large wp-image-792\" alt=\"\" srcset=\"https:\/\/www.asenalu.com\/wp-content\/uploads\/2023\/06\/asen-iso-14064-1-1024x1024.jpg 1024w, https:\/\/www.asenalu.com\/wp-content\/uploads\/2023\/06\/asen-iso-14064-1-300x300.jpg 300w, https:\/\/www.asenalu.com\/wp-content\/uploads\/2023\/06\/asen-iso-14064-1-150x150.jpg 150w, https:\/\/www.asenalu.com\/wp-content\/uploads\/2023\/06\/asen-iso-14064-1-768x768.jpg 768w, https:\/\/www.asenalu.com\/wp-content\/uploads\/2023\/06\/asen-iso-14064-1-650x650.jpg 650w, https:\/\/www.asenalu.com\/wp-content\/uploads\/2023\/06\/asen-iso-14064-1.jpg 1080w\" sizes=\"(max-width: 1000px) 100vw, 1000px\" title=\"\">\t\t\t\t\t\t\t\t\t\t\t\t\t\t\t<\/div>\n\t\t\t\t<\/div>\n\t\t\t\t\t<\/div>\n\t\t<\/div>\n\t\t\t\t<div class=\"elementor-column elementor-col-50 elementor-top-column elementor-element elementor-element-5e29737\" data-id=\"5e29737\" data-element_type=\"column\" data-e-type=\"column\">\n\t\t\t<div class=\"elementor-widget-wrap elementor-element-populated\">\n\t\t\t\t\t\t<div class=\"elementor-element elementor-element-d8143a4  ui-split-animate elementor-widget__width-initial ui-splitby-chars elementor-widget elementor-widget-heading\" data-id=\"d8143a4\" data-element_type=\"widget\" data-e-type=\"widget\" data-settings=\"{&quot;ui_animate_split&quot;:&quot;ui-split-animate&quot;,&quot;ui_animate_split_by&quot;:&quot;chars&quot;,&quot;ui_animate_split_style&quot;:&quot;fadeInUp&quot;}\" data-widget_type=\"heading.default\">\n\t\t\t\t<div class=\"elementor-widget-container\">\n\t\t\t\t\t<h2 class=\"elementor-heading-title elementor-size-default\">ISO 14064-1 Standard<\/h2>\t\t\t\t<\/div>\n\t\t\t\t<\/div>\n\t\t\t\t<div class=\"elementor-element elementor-element-07a5410 elementor-widget-mobile__width-initial elementor-widget__width-initial elementor-invisible elementor-widget elementor-widget-text-editor\" data-id=\"07a5410\" data-element_type=\"widget\" data-e-type=\"widget\" data-settings=\"{&quot;_animation&quot;:&quot;fadeInUp&quot;}\" data-widget_type=\"text-editor.default\">\n\t\t\t\t<div class=\"elementor-widget-container\">\n\t\t\t\t\t\t\t\t\t<p>The process of obtaining ISO 14064-1 Greenhouse Gas Emissions Verification standard has started (Target: August 2023)<\/p>\t\t\t\t\t\t\t\t<\/div>\n\t\t\t\t<\/div>\n\t\t\t\t\t<\/div>\n\t\t<\/div>\n\t\t\t\t\t<\/div>\n\t\t<\/div>\n\t\t\t\t<\/div>","protected":false},"excerpt":{"rendered":"<p>Asen S\u00fcrd\u00fcr\u00fclebilir \u00dcretimi Destekler Faaliyetlerimiz s\u00fcrd\u00fcr\u00fclebilir kalk\u0131nmay\u0131 destekler ve te\u015fvik eder, b\u00f6ylece \u00e7evrenin korunmas\u0131na ve kaynak tasarrufuna \u00f6nemli bir katk\u0131 sa\u011flar. A\u00e7\u0131kl\u0131k, [&hellip;]<\/p>\n","protected":false},"author":2,"featured_media":799,"parent":0,"menu_order":-4,"comment_status":"closed","ping_status":"closed","template":"","meta":{"footnotes":""},"class_list":["post-785","page","type-page","status-publish","has-post-thumbnail","hentry"],"_links":{"self":[{"href":"https:\/\/www.asenalu.com\/en\/wp-json\/wp\/v2\/pages\/785","targetHints":{"allow":["GET"]}}],"collection":[{"href":"https:\/\/www.asenalu.com\/en\/wp-json\/wp\/v2\/pages"}],"about":[{"href":"https:\/\/www.asenalu.com\/en\/wp-json\/wp\/v2\/types\/page"}],"author":[{"embeddable":true,"href":"https:\/\/www.asenalu.com\/en\/wp-json\/wp\/v2\/users\/2"}],"replies":[{"embeddable":true,"href":"https:\/\/www.asenalu.com\/en\/wp-json\/wp\/v2\/comments?post=785"}],"version-history":[{"count":0,"href":"https:\/\/www.asenalu.com\/en\/wp-json\/wp\/v2\/pages\/785\/revisions"}],"wp:featuredmedia":[{"embeddable":true,"href":"https:\/\/www.asenalu.com\/en\/wp-json\/wp\/v2\/media\/799"}],"wp:attachment":[{"href":"https:\/\/www.asenalu.com\/en\/wp-json\/wp\/v2\/media?parent=785"}],"curies":[{"name":"wp","href":"https:\/\/api.w.org\/{rel}","templated":true}]}}